{"id":8,"date":"2015-04-13T10:21:08","date_gmt":"2015-04-13T08:21:08","guid":{"rendered":"http:\/\/owogs.bs.katowice.pl\/?page_id=8"},"modified":"2021-11-19T16:14:29","modified_gmt":"2021-11-19T15:14:29","slug":"komitet-honorowy","status":"publish","type":"page","link":"https:\/\/owogs.bs.katowice.pl\/?page_id=8","title":{"rendered":"Komitet Honorowy"},"content":{"rendered":"<div class=\"fcbkbttn_buttons_block\" id=\"fcbkbttn_left\"><div class=\"fcbkbttn_button\">\n\t\t\t\t\t<a href=\"https:\/\/www.facebook.com\/1646254928942857\" target=\"_blank\">\n\t\t\t\t\t\t<img decoding=\"async\" src=\"https:\/\/owogs.bs.katowice.pl\/wp-content\/plugins\/facebook-button-plugin\/images\/standard-facebook-ico.png\" alt=\"Fb-Button\" \/>\n\t\t\t\t\t<\/a>\n\t\t\t\t<\/div><div class=\"fcbkbttn_like \"><fb:like href=\"https:\/\/owogs.bs.katowice.pl\/?page_id=8\" action=\"like\" colorscheme=\"light\" layout=\"button_count\"  size=\"small\"><\/fb:like><\/div><div class=\"fb-share-button  \" data-href=\"https:\/\/owogs.bs.katowice.pl\/?page_id=8\" data-type=\"button_count\" data-size=\"small\"><\/div><\/div><p style=\"text-align: center;\"><strong>Komitet Honorowy Olimpiady Wiedzy o G\u00f3rnym \u015al\u0105sku<\/strong><\/p>\n<p class=\"style22\" align=\"center\">prof. dr hab. Ryszard Kaczmarek &#8211; przewodnicz\u0105cy<\/p>\n<p class=\"style22\" align=\"center\">prof. zw. dr hab. Ewa Chojecka<\/p>\n<p class=\"style22\" align=\"center\">dr hab. prof. U\u015a Zbigniew Kad\u0142ubek<\/p>\n<p style=\"text-align: center;\">prof. dr hab. Andrzej Klasik<\/p>\n<p class=\"r\" style=\"text-align: center;\">prof. dr hab. Irena Lipowicz<\/p>\n<p class=\"style22\" align=\"center\">prof. zw. dr hab. Joanna Rostropowicz<\/p>\n<p class=\"style22\" align=\"center\">prof. dr hab. Gra\u017cyna Szewczyk<\/p>\n<p class=\"style22\" align=\"center\">prof. dr hab. Wojciech \u015awi\u0105tkiewicz<\/p>\n","protected":false},"excerpt":{"rendered":"<p>Komitet Honorowy Olimpiady Wiedzy o G\u00f3rnym \u015al\u0105sku prof. dr hab. Ryszard Kaczmarek &#8211; przewodnicz\u0105cy prof. zw. dr hab. Ewa Chojecka dr hab. prof. U\u015a Zbigniew Kad\u0142ubek prof. dr hab. Andrzej Klasik prof. dr hab. Irena Lipowicz prof. zw. dr hab. Joanna Rostropowicz prof. dr hab. Gra\u017cyna Szewczyk prof. dr hab. Wojciech \u015awi\u0105tkiewicz<\/p>\n","protected":false},"author":1,"featured_media":0,"parent":2,"menu_order":3,"comment_status":"open","ping_status":"open","template":"","meta":{"footnotes":""},"class_list":["post-8","page","type-page","status-publish","hentry"],"_links":{"self":[{"href":"https:\/\/owogs.bs.katowice.pl\/index.php?rest_route=\/wp\/v2\/pages\/8","targetHints":{"allow":["GET"]}}],"collection":[{"href":"https:\/\/owogs.bs.katowice.pl\/index.php?rest_route=\/wp\/v2\/pages"}],"about":[{"href":"https:\/\/owogs.bs.katowice.pl\/index.php?rest_route=\/wp\/v2\/types\/page"}],"author":[{"embeddable":true,"href":"https:\/\/owogs.bs.katowice.pl\/index.php?rest_route=\/wp\/v2\/users\/1"}],"replies":[{"embeddable":true,"href":"https:\/\/owogs.bs.katowice.pl\/index.php?rest_route=%2Fwp%2Fv2%2Fcomments&post=8"}],"version-history":[{"count":3,"href":"https:\/\/owogs.bs.katowice.pl\/index.php?rest_route=\/wp\/v2\/pages\/8\/revisions"}],"predecessor-version":[{"id":1718,"href":"https:\/\/owogs.bs.katowice.pl\/index.php?rest_route=\/wp\/v2\/pages\/8\/revisions\/1718"}],"up":[{"embeddable":true,"href":"https:\/\/owogs.bs.katowice.pl\/index.php?rest_route=\/wp\/v2\/pages\/2"}],"wp:attachment":[{"href":"https:\/\/owogs.bs.katowice.pl\/index.php?rest_route=%2Fwp%2Fv2%2Fmedia&parent=8"}],"curies":[{"name":"wp","href":"https:\/\/api.w.org\/{rel}","templated":true}]}}