{"id":6,"date":"2015-04-13T10:16:41","date_gmt":"2015-04-13T08:16:41","guid":{"rendered":"http:\/\/owogs.bs.katowice.pl\/?page_id=6"},"modified":"2023-11-30T08:47:30","modified_gmt":"2023-11-30T07:47:30","slug":"komitet-glowny","status":"publish","type":"page","link":"https:\/\/owogs.bs.katowice.pl\/?page_id=6","title":{"rendered":"Komitet G\u0142\u00f3wny"},"content":{"rendered":"<div class=\"fcbkbttn_buttons_block\" id=\"fcbkbttn_left\"><div class=\"fcbkbttn_button\">\n\t\t\t\t\t<a href=\"https:\/\/www.facebook.com\/1646254928942857\" target=\"_blank\">\n\t\t\t\t\t\t<img decoding=\"async\" src=\"https:\/\/owogs.bs.katowice.pl\/wp-content\/plugins\/facebook-button-plugin\/images\/standard-facebook-ico.png\" alt=\"Fb-Button\" \/>\n\t\t\t\t\t<\/a>\n\t\t\t\t<\/div><div class=\"fcbkbttn_like \"><fb:like href=\"https:\/\/owogs.bs.katowice.pl\/?page_id=6\" action=\"like\" colorscheme=\"light\" layout=\"button_count\"  size=\"small\"><\/fb:like><\/div><div class=\"fb-share-button  \" data-href=\"https:\/\/owogs.bs.katowice.pl\/?page_id=6\" data-type=\"button_count\" data-size=\"small\"><\/div><\/div>\n<p style=\"text-align: center;\"><strong>KOMITET G\u0141\u00d3WNY\u00a0<\/strong><strong>OLIMPIADY WIEDZY O G\u00d3RNYM \u015aL\u0104SKU<\/strong><\/p>\n<p style=\"text-align: center;\">dr hab. prof. U\u015a Adam Hibszer &#8211; przewodnicz\u0105cy<\/p>\n<p style=\"text-align: center;\">dr Krystian W\u0119grzynek &#8211; zast\u0119pca przewodnicz\u0105cego<\/p>\n<p style=\"text-align: center;\">Anna Kubica &#8211; sekretarz, koordynator projektu z ramienia IBR B\u015a<\/p>\n<p style=\"text-align: center;\">Katarzyna Dacy-Ignatiuk<\/p>\n<p style=\"text-align: center;\">S\u0142awomir Jarzyna<\/p>\n<p style=\"text-align: center;\">Aleksander Lysko<\/p>\n<p style=\"text-align: center;\">dr Halina Noco\u0144<\/p>\n<p style=\"text-align: center;\">dr Daniela Dylus<\/p>\n<p style=\"text-align: center;\">Magdalena Wieczorek<\/p>\n<p>\u00a0<\/p>\n<p style=\"text-align: center;\">dr Maria Lipok-Bierwiaczonek &#8211; cz\u0142onkini komitetu w latach 2010-2023<\/p>\n\n\n\n\n<fieldset><font color=\"grey\">\n<font face=\"Arial\">\n<p style=\"text-align: center;\">dr \u0141ucja Staniczkowa &#8211; koordynator projektu z ramienia ZG (zm. 2019 r.)<\/p>\n<\/font><\/fieldset><\/font face>\n\n\n\n\n\n","protected":false},"excerpt":{"rendered":"<p>KOMITET G\u0141\u00d3WNY\u00a0OLIMPIADY WIEDZY O G\u00d3RNYM \u015aL\u0104SKU dr hab. prof. U\u015a Adam Hibszer &#8211; przewodnicz\u0105cy dr Krystian W\u0119grzynek &#8211; zast\u0119pca przewodnicz\u0105cego Anna Kubica &#8211; sekretarz, koordynator projektu z ramienia IBR B\u015a Katarzyna Dacy-Ignatiuk S\u0142awomir Jarzyna Aleksander Lysko dr Halina Noco\u0144 dr Daniela Dylus Magdalena Wieczorek \u00a0 dr Maria Lipok-Bierwiaczonek &#8211; cz\u0142onkini komitetu w latach 2010-2023 dr [&hellip;]<\/p>\n","protected":false},"author":1,"featured_media":0,"parent":2,"menu_order":2,"comment_status":"open","ping_status":"open","template":"","meta":{"footnotes":""},"class_list":["post-6","page","type-page","status-publish","hentry"],"_links":{"self":[{"href":"https:\/\/owogs.bs.katowice.pl\/index.php?rest_route=\/wp\/v2\/pages\/6","targetHints":{"allow":["GET"]}}],"collection":[{"href":"https:\/\/owogs.bs.katowice.pl\/index.php?rest_route=\/wp\/v2\/pages"}],"about":[{"href":"https:\/\/owogs.bs.katowice.pl\/index.php?rest_route=\/wp\/v2\/types\/page"}],"author":[{"embeddable":true,"href":"https:\/\/owogs.bs.katowice.pl\/index.php?rest_route=\/wp\/v2\/users\/1"}],"replies":[{"embeddable":true,"href":"https:\/\/owogs.bs.katowice.pl\/index.php?rest_route=%2Fwp%2Fv2%2Fcomments&post=6"}],"version-history":[{"count":14,"href":"https:\/\/owogs.bs.katowice.pl\/index.php?rest_route=\/wp\/v2\/pages\/6\/revisions"}],"predecessor-version":[{"id":2024,"href":"https:\/\/owogs.bs.katowice.pl\/index.php?rest_route=\/wp\/v2\/pages\/6\/revisions\/2024"}],"up":[{"embeddable":true,"href":"https:\/\/owogs.bs.katowice.pl\/index.php?rest_route=\/wp\/v2\/pages\/2"}],"wp:attachment":[{"href":"https:\/\/owogs.bs.katowice.pl\/index.php?rest_route=%2Fwp%2Fv2%2Fmedia&parent=6"}],"curies":[{"name":"wp","href":"https:\/\/api.w.org\/{rel}","templated":true}]}}