{"id":44,"date":"2015-04-13T10:49:18","date_gmt":"2015-04-13T08:49:18","guid":{"rendered":"http:\/\/owogs.bs.katowice.pl\/?page_id=44"},"modified":"2024-03-25T12:10:43","modified_gmt":"2024-03-25T11:10:43","slug":"patronaty","status":"publish","type":"page","link":"https:\/\/owogs.bs.katowice.pl\/?page_id=44","title":{"rendered":"Patronaty"},"content":{"rendered":"<div class=\"fcbkbttn_buttons_block\" id=\"fcbkbttn_left\"><div class=\"fcbkbttn_button\">\n\t\t\t\t\t<a href=\"https:\/\/www.facebook.com\/1646254928942857\" target=\"_blank\">\n\t\t\t\t\t\t<img decoding=\"async\" src=\"https:\/\/owogs.bs.katowice.pl\/wp-content\/plugins\/facebook-button-plugin\/images\/standard-facebook-ico.png\" alt=\"Fb-Button\" \/>\n\t\t\t\t\t<\/a>\n\t\t\t\t<\/div><div class=\"fcbkbttn_like \"><fb:like href=\"https:\/\/owogs.bs.katowice.pl\/?page_id=44\" action=\"like\" colorscheme=\"light\" layout=\"button_count\"  size=\"small\"><\/fb:like><\/div><div class=\"fb-share-button  \" data-href=\"https:\/\/owogs.bs.katowice.pl\/?page_id=44\" data-type=\"button_count\" data-size=\"small\"><\/div><\/div><h2 style=\"text-align: center;\">Patronaty:<\/h2>\n<p style=\"text-align: center;\"><span style=\"font-size: 14pt;\">XIV edycja Olimpiady Wiedzy o G\u00f3rnym \u015al\u0105sku zosta\u0142a obj\u0119ta honorowym patronatem:<\/span><\/p>\n<p>\u00a0<\/p>\n\n\n<p><\/p>\n","protected":false},"excerpt":{"rendered":"<p>Patronaty: XIV edycja Olimpiady Wiedzy o G\u00f3rnym \u015al\u0105sku zosta\u0142a obj\u0119ta honorowym patronatem: \u00a0<\/p>\n","protected":false},"author":1,"featured_media":0,"parent":0,"menu_order":0,"comment_status":"open","ping_status":"open","template":"","meta":{"footnotes":""},"class_list":["post-44","page","type-page","status-publish","hentry"],"_links":{"self":[{"href":"https:\/\/owogs.bs.katowice.pl\/index.php?rest_route=\/wp\/v2\/pages\/44","targetHints":{"allow":["GET"]}}],"collection":[{"href":"https:\/\/owogs.bs.katowice.pl\/index.php?rest_route=\/wp\/v2\/pages"}],"about":[{"href":"https:\/\/owogs.bs.katowice.pl\/index.php?rest_route=\/wp\/v2\/types\/page"}],"author":[{"embeddable":true,"href":"https:\/\/owogs.bs.katowice.pl\/index.php?rest_route=\/wp\/v2\/users\/1"}],"replies":[{"embeddable":true,"href":"https:\/\/owogs.bs.katowice.pl\/index.php?rest_route=%2Fwp%2Fv2%2Fcomments&post=44"}],"version-history":[{"count":14,"href":"https:\/\/owogs.bs.katowice.pl\/index.php?rest_route=\/wp\/v2\/pages\/44\/revisions"}],"predecessor-version":[{"id":2105,"href":"https:\/\/owogs.bs.katowice.pl\/index.php?rest_route=\/wp\/v2\/pages\/44\/revisions\/2105"}],"wp:attachment":[{"href":"https:\/\/owogs.bs.katowice.pl\/index.php?rest_route=%2Fwp%2Fv2%2Fmedia&parent=44"}],"curies":[{"name":"wp","href":"https:\/\/api.w.org\/{rel}","templated":true}]}}