{"id":38,"date":"2015-04-13T10:38:59","date_gmt":"2015-04-13T08:38:59","guid":{"rendered":"http:\/\/owogs.bs.katowice.pl\/?page_id=38"},"modified":"2015-04-13T12:59:10","modified_gmt":"2015-04-13T10:59:10","slug":"iv-edycja","status":"publish","type":"page","link":"https:\/\/owogs.bs.katowice.pl\/?page_id=38","title":{"rendered":"IV edycja"},"content":{"rendered":"<div class=\"fcbkbttn_buttons_block\" id=\"fcbkbttn_left\"><div class=\"fcbkbttn_button\">\n\t\t\t\t\t<a href=\"https:\/\/www.facebook.com\/1646254928942857\" target=\"_blank\">\n\t\t\t\t\t\t<img decoding=\"async\" src=\"https:\/\/owogs.bs.katowice.pl\/wp-content\/plugins\/facebook-button-plugin\/images\/standard-facebook-ico.png\" alt=\"Fb-Button\" \/>\n\t\t\t\t\t<\/a>\n\t\t\t\t<\/div><div class=\"fcbkbttn_like \"><fb:like href=\"https:\/\/owogs.bs.katowice.pl\/?page_id=38\" action=\"like\" colorscheme=\"light\" layout=\"button_count\"  size=\"small\"><\/fb:like><\/div><div class=\"fb-share-button  \" data-href=\"https:\/\/owogs.bs.katowice.pl\/?page_id=38\" data-type=\"button_count\" data-size=\"small\"><\/div><\/div><p class=\"style55\"><strong>G\u00d3RNO\u015aL\u0104SKIE KRAJOBRAZY KULTUROWE<\/strong><\/p>\n<p><strong>Wyniki Fina\u0142u<\/strong><\/p>\n<p>27 marca 2015\u00a0r.\u00a0 odby\u0142 si\u0119 fina\u0142 IV edycji Olimpiady Wiedzy o\u00a0G\u00f3rnym \u015al\u0105sku.<\/p>\n<p>Organizatorami Olimpiady Wiedzy o\u00a0G\u00f3rnym \u015al\u0105sku s\u0105 Zwi\u0105zek G\u00f3rno\u015bl\u0105ski i\u00a0Instytut Bada\u0144 Regionalnych Biblioteki \u015al\u0105skiej. Nad\u00a0jej przebiegiem czuwa\u0142 Komitet G\u0142\u00f3wny Olimpiady i\u00a0Komitet Honorowy. Patronat nad\u00a0Olimpiad\u0105 sprawuj\u0105: Rzecznik Praw Obywatelskich prof.\u00a0UKSW dr\u00a0hab. Irena Lipowicz, Eurodeputowany dr\u00a0Jan Olbrycht, Eurodeputowany Marek Plura oraz\u00a0przewodnicz\u0105ca Komisji Krajobrazu Kulturowego PTG dr\u00a0hab. Urszula Myga-Pi\u0105tek<strong>.\u00a0 <\/strong><\/p>\n<p>Poni\u017cej lista laureat\u00f3w i\u00a0finalist\u00f3w.<\/p>\n<p style=\"text-align: center;\"><strong>Laureaci Olimpiady:<\/strong><\/p>\n<p style=\"text-align: center;\">I\u00a0miejsce \u2013 Jakub Musia\u0142, III LO Katowice<\/p>\n<p style=\"text-align: center;\">II miejsce \u2013 Ewa Lesiak, ZSPM Katowice<\/p>\n<p style=\"text-align: center;\">III miejsce \u2013 Dominik Zdanowski,\u00a0 I\u00a0LO Bytom<\/p>\n<p style=\"text-align: center;\">IV miejsce \u2013\u00a0Natalia Bogda\u0144ska , ZSPM Katowice<\/p>\n<p style=\"text-align: center;\">Adrian Hadasz \u2013\u00a0I LO Siemianowice \u015al.<\/p>\n<p style=\"text-align: center;\">Kacper Nowak \u2013\u00a0II LO Rybnik<\/p>\n<p style=\"text-align: center;\">Agata Solich \u2013\u00a0II LO Rybnik<\/p>\n<p style=\"text-align: center;\">Jacek Stokowy \u2013\u00a0IV LO Jastrz\u0119bie Zdr\u00f3j<\/p>\n<p style=\"text-align: center;\">Ma\u0142gorzata Szewczyk \u2013\u00a0I LO Tychy<\/p>\n<p style=\"text-align: center;\">Kacper Wilk \u2013\u00a0II LO Rybnik<\/p>\n<p style=\"text-align: center;\"><strong>Finali\u015bci Olimpiady:<\/strong><\/p>\n<p style=\"text-align: center;\">Maciej Czopek \u2013\u00a0II LO Krak\u00f3w<\/p>\n<p style=\"text-align: center;\">Micha\u0142 Foreiter \u2013\u00a0T nr 1 Rybnik<\/p>\n<p style=\"text-align: center;\">Pawe\u0142 Gierlotka \u2013\u00a0VII LO Katowice<\/p>\n<p style=\"text-align: center;\">Anna Kalota \u2013\u00a0III LO Gliwice<\/p>\n<p style=\"text-align: center;\">\u0141ukasz Konsek \u2013\u00a0T nr 1 Rybnik<\/p>\n<p style=\"text-align: center;\">Rafa\u0142 Ma\u0142kuch \u2013\u00a0IV LO Rybnik<\/p>\n<p style=\"text-align: center;\">Adrian \u015awi\u015b \u2013\u00a0ZS nr 3 Jastrz\u0119bie Zdr\u00f3j<\/p>\n<p style=\"text-align: center;\">Magdalena W\u0119glarz \u2013\u00a0I LO Tychy<\/p>\n<p class=\"style54\">\u00a0Informacje dla finalist\u00f3w:<\/p>\n<div class=\"textLayer\">\n<div dir=\"ltr\" data-font-name=\"g_font_12_0\" data-canvas-width=\"29.778560887470245\">Przypominamy, i\u017c ostatni etap konkursu odb\u0119dzie si\u0119 w 27 marca br. w Bibliotece \u015al\u0105skiej w Sali Benedyktynka od godziny 8.45.<\/div>\n<div dir=\"ltr\" data-font-name=\"g_font_5_0\" data-canvas-width=\"236.06464703527453\">Etap fina\u0142owy sk\u0142ada si\u0119 z dw\u00f3ch cz\u0119\u015bci:<\/div>\n<div dir=\"ltr\" data-font-name=\"g_font_5_0\" data-canvas-width=\"427.4393727386856\">Pierwsza to pisemny test wyboru dotycz\u0105cy czterech dziedzin (geografia, historia, literatura i etnografia), sk\u0142adaj\u0105cy si\u0119 z pyta\u0144 z ka\u017cdej dziedziny. Szczeg\u00f3\u0142owe informacje dotycz\u0105ce zakresu materia\u0142u znajduj\u0105 si\u0119 na stronie Olimpiady (zak\u0142adka \u201eBie\u017c\u0105ca edycja\u201d).<\/div>\n<div dir=\"ltr\" data-font-name=\"g_font_12_0\" data-canvas-width=\"25.833600769901274\">Druga cz\u0119\u015b\u0107 &#8211; obrona pracy pisemnej, jest r\u00f3wnie\u017c dwucz\u0142onowa; sk\u0142adaj\u0105 si\u0119 na ni\u0105: prezentacja w\u0142asnego tematu (do 8 minut monologu ucznia) i odpowiedzi na pytania komisji (oko\u0142o 5 minut). Uczestnicy b\u0119d\u0105 oceniani za zawarto\u015b\u0107 merytoryczn\u0105 wypowiedzi, spos\u00f3b prezentacji tematu oraz<\/div>\n<div dir=\"ltr\" data-font-name=\"g_font_5_0\" data-canvas-width=\"217.67936648735045\">wykonanie prezentacji. Prezentacja powinna mie\u0107 charakter pokazu multimedialnego (format ppt.2003, Maksymalnie 20 slajd\u00f3w).<\/div>\n<div dir=\"ltr\" data-font-name=\"g_font_5_0\" data-canvas-width=\"282.5356884202194\">Uczestnicy proszeni s\u0105 o dostarczenie organizatorom no\u015bnika z<\/div>\n<div dir=\"ltr\" data-font-name=\"g_font_5_0\" data-canvas-width=\"209.08288623115536\">zapisem prezentacji na 30 minut przed rozpocz\u0119ciem fina\u0142\u00f3w.<\/div>\n<div dir=\"ltr\" data-font-name=\"g_font_20_0\" data-canvas-width=\"4.592640136871338\">Og\u0142oszenie wynik\u00f3w, wr\u0119czenie dyplom\u00f3w i za\u015bwiadcze\u0144 przewidziane jest na godzin\u0119 15.30. Do przygotowania za\u015bwiadcze\u0144 uprawniaj\u0105cych do otrzymania indeksu konieczne jest dostarczenie szczeg\u00f3\u0142owych danych uczestnika, tj.: adresu zamieszkania i numeru PESEL. Dane te powinni uczestnicy przes\u0142a\u0107 na adres organizatora: (Instytut Bada\u0144 Regionalnych, 40 &#8211; 036 Katowice, ul. Ligonia 7)<\/div>\n<div dir=\"ltr\" data-font-name=\"g_font_5_0\" data-canvas-width=\"104.62976311820984\">Organizatorzy ka\u017cdemu z finalist\u00f3w oraz opiekunowi zapewniaj\u0105 wy\u017cywienie, natomiast nie pokrywaj\u0105 koszt\u00f3w podr\u00f3\u017cy.<\/div>\n<div dir=\"ltr\" data-font-name=\"g_font_5_0\" data-canvas-width=\"104.62976311820984\">\n<p><strong>Fianli\u015bci IV edycji Olimpiady Wiedzy o\u00a0G\u00f3rnym \u015al\u0105sku (kolejno\u015b\u0107 alfabetyczna)<\/strong><\/p>\n<\/div>\n<div dir=\"ltr\" data-font-name=\"g_font_5_0\" data-canvas-width=\"104.62976311820984\">\n<table width=\"708\">\n<tbody>\n<tr>\n<td rowspan=\"2\" width=\"37\">Lp.<\/td>\n<td rowspan=\"2\" width=\"95\">Imi\u0119 i nazwisko<\/td>\n<td rowspan=\"2\" width=\"104\">Szko\u0142a<\/td>\n<td width=\"473\">Temat pracy<\/td>\n<\/tr>\n<tr>\n<td width=\"473\"><\/td>\n<\/tr>\n<tr>\n<td width=\"37\">1<\/td>\n<td width=\"95\">Natalia Bogda\u0144ska<\/td>\n<td width=\"104\">ZSPM Katowice<\/td>\n<td width=\"473\">Pa\u0142ace i familoki \u015blady zr\u00f3\u017cnicowania spo\u0142ecznego w przestrzeni kulturowej regionu<\/td>\n<\/tr>\n<tr>\n<td width=\"37\">2<\/td>\n<td width=\"95\">Maciej Czopek<\/td>\n<td width=\"104\">II LO Krak\u00f3w<\/td>\n<td width=\"473\">Krajobraz kulturowy G\u00f3rnego \u015al\u0105ska jako atut w promocji regionu i ofercie turystycznej. Turystyka industrialna, miejskie szlaki turystyczne. Przegl\u0105d i ocena propozycji.<\/td>\n<\/tr>\n<tr>\n<td width=\"37\">3<\/td>\n<td width=\"95\">Micha\u0142 Foreiter<\/td>\n<td width=\"104\">T nr\u00a01 Rybnik<\/td>\n<td width=\"473\">O maryjonku. Przyroda G\u00f3rnego \u015al\u0105ska w nazewnictwie gwarowym<\/td>\n<\/tr>\n<tr>\n<td width=\"37\">4<\/td>\n<td width=\"95\">Pawe\u0142 Gierlotka<\/td>\n<td width=\"104\">VII LO Katowice<\/td>\n<td width=\"473\">Dziewi\u0119tna\u015bcie schod\u00f3w do nieba. Architektura wybranych budowli katowickiego \u015br\u00f3dmie\u015bcia jako odzwierciedlenie krajobrazu kulturowego miasta<\/td>\n<\/tr>\n<tr>\n<td width=\"37\">5<\/td>\n<td width=\"95\">Adrian Hadasz<\/td>\n<td width=\"104\">I LO Siemianowice \u015al.<\/td>\n<td width=\"473\">Zr\u00f3\u017cnicowanie krajobraz\u00f3w kulturowych G\u00f3rnego \u015al\u0105ska i ich wp\u0142yw na \u201cniezwyk\u0142o\u015b\u0107\u201d mieszka\u0144c\u00f3w<\/td>\n<\/tr>\n<tr>\n<td width=\"37\">6<\/td>\n<td width=\"95\">Anna Kalota<\/td>\n<td width=\"104\">III LO Gliwice<\/td>\n<td width=\"473\">Krajobraz kulturowy Gliwic. Autorska propozycja trasy turystycznej \u015bladami wybitnych gliwickich architekt\u00f3w i przemys\u0142owc\u00f3w<\/td>\n<\/tr>\n<tr>\n<td width=\"37\">7<\/td>\n<td width=\"95\">\u0141ukasz Konsek<\/td>\n<td width=\"104\">T nr\u00a01 Rybnik<\/td>\n<td width=\"473\">\u201cWiejski\u201d G\u00f3rny \u015al\u0105sk &#8211; krajobraz kulturowy \u015bl\u0105skiej wsi. Analiza por\u00f3wnawcza uwzgl\u0119dniaj\u0105ca typy osadnicze wsi, dawne \u201czabytkowe\u201d budownictwo ch\u0142opskie oraz \u201cnowoczesn\u0105\u201d architektur\u0119 wsp\u00f3\u0142czesnej wsi \u015bl\u0105skiej<\/td>\n<\/tr>\n<tr>\n<td width=\"37\">8<\/td>\n<td width=\"95\">Ewa Lesiak<\/td>\n<td width=\"104\">ZSPM Katowice<\/td>\n<td width=\"473\">Trasa turystyczna \u201cMoja ma\u0142a ojczyzna\u201d. Cz\u0142owiek i przyroda &#8211; krajobraz kulturowy G\u00f3rnego \u00a0\u015al\u0105ska. Autorska propozycja trasy turystycznej po stanowiskach ukazuj\u0105cych np. zabytki pog\u00f3rnicze, pohutnicze, hydrotechniczne, itp. w okolicy miejscowo\u015bci zamieszkania lub w\u0142asnej gminie\/powiecie<\/td>\n<\/tr>\n<tr>\n<td width=\"37\">9<\/td>\n<td width=\"95\">Rafa\u0142 Ma\u0142kuch<\/td>\n<td width=\"104\">IV LO Rybnik<\/td>\n<td width=\"473\">Krajobraz kulturowy G \u015al\u0105ska jako inspiracja dla sztuki. Krajobraz industrialny i poindustrialny jako inspiracja dla malarzy, grafik\u00f3w, fotograf\u00f3w<\/td>\n<\/tr>\n<tr>\n<td width=\"37\">10<\/td>\n<td width=\"95\">Jakub Musia\u0142<\/td>\n<td width=\"104\">III LO Katowice<\/td>\n<td width=\"473\">\u015al\u0105ski blues i jego kontekst przestrzenno-kulturowy<\/td>\n<\/tr>\n<tr>\n<td width=\"37\">11<\/td>\n<td width=\"95\">Kacper Nowak<\/td>\n<td width=\"104\">II LO Rybnik<\/td>\n<td width=\"473\">\u201cCudze chwalicie, swego nie znacie\u201d. Krajobraz kulturowy G\u00f3rnego \u015al\u0105ska jako atut w promocji regionu i ofercie turystycznej<\/td>\n<\/tr>\n<tr>\n<td width=\"37\">12<\/td>\n<td width=\"95\">Agata Solich<\/td>\n<td width=\"104\">II LO Rybnik<\/td>\n<td width=\"473\">Trasa turystyczna po zabytkach g\u00f3rniczych, hydrotechnicznych i hutniczych w okolicach Rybnika. Cz\u0142owiek i przyroda &#8211; krajobraz kulturowy G\u00f3rnego \u00a0\u015al\u0105ska. Autorska propozycja trasy turystycznej po stanowiskach ukazuj\u0105cych np. zabytki pog\u00f3rnicze, pohutnicze, hydrotechniczne, itp. w okolicy miejscowo\u015bci zamieszkania lub w\u0142asnej gminie\/powiecie<\/td>\n<\/tr>\n<tr>\n<td width=\"37\">13<\/td>\n<td width=\"95\">Jacek Stokowy<\/td>\n<td width=\"104\">IV LO Jastrz\u0119bie Zdr\u00f3j<\/td>\n<td width=\"473\">\u201cWiejski\u201d G\u00f3rny \u015al\u0105sk<\/td>\n<\/tr>\n<tr>\n<td width=\"37\">14<\/td>\n<td width=\"95\">Ma\u0142gorzata Szewczyk<\/td>\n<td width=\"104\">I LO Tychy<\/td>\n<td width=\"473\">Pa\u0142ace i familoki &#8211; \u015blady zr\u00f3\u017cnicowania spo\u0142ecznego w przestrzeni kulturowej regionu<\/td>\n<\/tr>\n<tr>\n<td width=\"37\">15<\/td>\n<td width=\"95\">Adrian \u015awi\u015b<\/td>\n<td width=\"104\">ZS nr\u00a03 Jastrz\u0119bie Zdr\u00f3j<\/td>\n<td width=\"473\">\u015alady dzia\u0142alno\u015bci rodu Reitzenstein\u00f3w w przestrzeni miejscowo\u015bci tworz\u0105cych ich dobra<\/td>\n<\/tr>\n<tr>\n<td width=\"37\">16<\/td>\n<td width=\"95\">Magdalena W\u0119glarz<\/td>\n<td width=\"104\">I LO Tychy<\/td>\n<td width=\"473\">\u015al\u0105ski krajobraz przemys\u0142owy w literaturze &#8211; analiza por\u00f3wnawcza wybranych tekst\u00f3w literackich<\/td>\n<\/tr>\n<tr>\n<td width=\"37\">17<\/td>\n<td width=\"95\">Kacper Wilk<\/td>\n<td width=\"104\">II LO Rybnik<\/td>\n<td width=\"473\">Dawne sposoby gospodarowania i ich odbicie w folklorze s\u0142ownym oraz w literaturze<\/td>\n<\/tr>\n<tr>\n<td width=\"37\">18<\/td>\n<td width=\"95\">Dominik Zdanowski<\/td>\n<td width=\"104\">I LO Bytom<\/td>\n<td width=\"473\">Modernizm \u015bl\u0105ski &#8211; przed 1939 i po 1945 roku<\/td>\n<\/tr>\n<\/tbody>\n<\/table>\n<\/div>\n<\/div>\n<p class=\"style62\">Na mocy podpisanych porozumie\u0144 z Uniwersytetem \u015al\u0105skim oraz Uniwersytetem Jagiello\u0144skim laureaci Olimpiady otrzymaj\u0105 indeksy na wybrane kierunki obu szk\u00f3\u0142 wy\u017cszych m.in. etnologi\u0119, histori\u0119, histori\u0119 sztuki, filologi\u0119 polsk\u0105, geografi\u0119, kulturoznawstwo, wiedz\u0119 o teatrze.<br \/>\nFinali\u015bci Olimpiady otrzymaj\u0105 r\u00f3wnie\u017c nagrody materialne ufundowane przez organizator\u00f3w oraz sponsor\u00f3w.<\/p>\n<p class=\"style54\"><span class=\"style58\">W zak\u0142adce <\/span> Terminy<span class=\"style58\"> znajduje si\u0119 harmonogram tegorocznej edycji konkursu, za\u015b w zak\u0142adce <\/span> Bie\u017c\u0105ca edycja<span class=\"style58\"> formularz zg\u0142oszeniowy, zestaw literatury pomocnej w przygotowaniu do teoretycznej cz\u0119\u015bci Olimpiady (test I etapu i test fina\u0142owy) oraz propozycje temat\u00f3w prac pisemnych do II etapu. <\/span><\/p>\n<p class=\"style54\"><span class=\"style58\"> Zach\u0119camy do \u015bledzenia naszej strony internetowej, gdzie na bie\u017c\u0105co b\u0119d\u0105 ukazywa\u0107 si\u0119 informacje. <\/span><\/p>\n<p class=\"style54\">\n<div class=\"textLayer\">\n<div dir=\"ltr\" data-font-name=\"g_font_7_0\" data-canvas-width=\"207.2800061774254\">Olimpiada Wiedzy o G\u00f3rnym \u015al\u0105sku<\/div>\n<div dir=\"ltr\" data-font-name=\"g_font_7_0\" data-canvas-width=\"282.28000841259956\">Edycja IV: G\u00f3rno\u015bl\u0105skie krajobrazy kulturowe<\/div>\n<div dir=\"ltr\" data-font-name=\"g_font_12_0\" data-canvas-width=\"311.760009291172\"><strong>Zestaw temat\u00f3w z poszczeg\u00f3lnych dziedzin<\/strong><\/div>\n<div dir=\"ltr\" data-font-name=\"Times New Roman\" data-canvas-width=\"80.14400238847733\">HISTORIA<\/div>\n<div dir=\"ltr\" data-font-name=\"Times New Roman\" data-canvas-width=\"32.448000967025756\">I. Pa\u0142ace i familoki \u2013 \u015blady zr\u00f3\u017cnicowania spo\u0142ecznego w przestrzeni kulturowej regionu.<\/div>\n<div dir=\"ltr\" data-font-name=\"g_font_7_0\" data-canvas-width=\"105.56800314617158\">II. \u015alady dawnych przemys\u0142\u00f3w (lub dawnej gospodarki rolnej, stawowej i le\u015bnej) we wsp\u00f3\u0142czesnym krajobrazie G\u00f3rnego \u015al\u0105ska.<\/div>\n<div dir=\"ltr\" data-font-name=\"Times New Roman\" data-canvas-width=\"8.000000238418579\">III. \u015alady dawnych sposob\u00f3w gospodarowania w toponomastyce w mojej miejscowo\u015bci lub okolicy.<\/div>\n<div dir=\"ltr\" data-font-name=\"Times New Roman\" data-canvas-width=\"98.52800293636321\">GEOGRAFIA<\/div>\n<div dir=\"ltr\" data-font-name=\"Times New Roman\" data-canvas-width=\"61.63200183677673\">IV. Cz\u0142owiek i przyroda &#8211; kraj obraz kulturowy G\u00f3rnego \u015al\u0105ska: Autorska propozycja trasy turystycznej po stanowiskach ukazuj\u0105cych np. zabytki pog\u00f3rnicze, pohutnicze, hydrotechniczne, itp. w okolicy miejscowo\u015bci zamieszkania lub w\u0142asnej gminie\/powiecie.<\/div>\n<div dir=\"ltr\" data-font-name=\"g_font_7_0\" data-canvas-width=\"52.144001554012306\">V.\u201eWiejski\u201d G\u00f3rny \u015al\u0105sk \u2013 krajobraz kulturowy \u015bl\u0105skiej wsi. Analiza por\u00f3wnawcza uwzgl\u0119dniaj\u0105ca typy osadnicze wsi, dawne \u201ezabytkowe\u201d budownictwo ch\u0142opskie oraz \u201enowoczesn\u0105\u201d architektura wsp\u00f3\u0142czesnej wsi \u015bl\u0105skiej.<\/div>\n<div dir=\"ltr\" data-font-name=\"g_font_7_0\" data-canvas-width=\"510.2880152077675\">VI. Krajobraz kulturowy G\u00f3rnego \u015al\u0105ska jako atut w promocji regionu i ofercie turystycznej \u2013 turystyka industrialna, miejskie szlaki turystyczne. Przegl\u0105d i ocena propozycji.<\/div>\n<div dir=\"ltr\" data-font-name=\"g_font_12_0\" data-canvas-width=\"297.2640088591575\">LITERATURA ORAZ DIALEKT \u015aL\u0104SKI<\/div>\n<div dir=\"ltr\" data-font-name=\"g_font_7_0\" data-canvas-width=\"303.45600904369354\">VII. Dawne sposoby gospodarowania i ich odbicie w folklorze s\u0142ownym oraz w literaturze (np. ba\u015bnie o utopcach i ich zwi\u0105zek z obfito\u015bci<\/div>\n<div dir=\"ltr\" data-font-name=\"Times New Roman\" data-canvas-width=\"4.0000001192092896\">\u0105 staw\u00f3w).<\/div>\n<div dir=\"ltr\" data-font-name=\"Times New Roman\" data-canvas-width=\"4.0000001192092896\">VIII. O maryjonku. Przyroda G\u00f3rnego \u015al\u0105ska w nazewnictwie gwarowym.<\/div>\n<div dir=\"ltr\" data-font-name=\"Times New Roman\" data-canvas-width=\"71.37600212717057\">IX. \u015al\u0105ski krajobraz przemys\u0142owy w literaturze \u2013 analiza por\u00f3wnawcza wybranych tekst\u00f3w literackich.<\/div>\n<div dir=\"ltr\" data-font-name=\"Times New Roman\" data-canvas-width=\"71.37600212717057\"><\/div>\n<div dir=\"ltr\" data-font-name=\"Times New Roman\" data-canvas-width=\"65.60000195503235\">SZTUKA<\/div>\n<div dir=\"ltr\" data-font-name=\"Times New Roman\" data-canvas-width=\"36.448001086235045\">X. Krajobraz kulturowy G\u00f3rnego \u015al\u0105ska jako inspiracja dla sztuki, np.:<\/div>\n<div dir=\"ltr\" data-font-name=\"g_font_7_0\" data-canvas-width=\"75.31200224447251\">a) Krajobraz industrialny i poindustrialny jako inspiracja dla malarzy, grafik\u00f3w, fotograf\u00f3w;<\/div>\n<div dir=\"ltr\" data-font-name=\"Times New Roman\" data-canvas-width=\"8.000000238418579\">b) \u015al\u0105ski blues i jego kontekst przestrzenno &#8211; kulturowy.<\/div>\n<div dir=\"ltr\" data-font-name=\"Times New Roman\" data-canvas-width=\"32.448000967025756\">c) Inspiracja krajobrazem kulturowym G\u00f3rnego \u015al\u0105ska w literaturze i filmie<\/div>\n<div dir=\"ltr\" data-font-name=\"Times New Roman\" data-canvas-width=\"32.448000967025756\">XI. Architektura w krajobrazie kulturowym G\u00f3rnego \u015al\u0105ska, np.:<\/div>\n<div dir=\"ltr\" data-font-name=\"Times New Roman\" data-canvas-width=\"12.44800037097931\">a)Ceg\u0142a i kamie\u0144 \u2013 koloryt lokalnyarchitektury G\u00f3rnego \u015al\u0105ska;<\/div>\n<div dir=\"ltr\" data-font-name=\"Times New Roman\" data-canvas-width=\"8.51200025367737\">b)Architektura starych osiedli robotniczych, ich funkcjonalno\u015b\u0107 dla \u017cycia spo\u0142ecznego;<\/div>\n<div dir=\"ltr\" data-font-name=\"Times New Roman\" data-canvas-width=\"8.000000238418579\">c)Neogotyk i neoromanizm w architekturze sakralnej G\u00f3rnego \u015al\u0105ska.<\/div>\n<div dir=\"ltr\" data-font-name=\"Times New Roman\" data-canvas-width=\"8.51200025367737\">d)Modernizm \u015bl\u0105ski \u2013 przed 1939 i po 1945 roku;<\/div>\n<div dir=\"ltr\" data-font-name=\"Times New Roman\" data-canvas-width=\"4.0000001192092896\">e) Przestrzenie publiczne i centra miast \u015bl\u0105skich \u2013 estetyka, funkcje, warto\u015bci historyczne.<\/div>\n<\/div>\n","protected":false},"excerpt":{"rendered":"<p>G\u00d3RNO\u015aL\u0104SKIE KRAJOBRAZY KULTUROWE Wyniki Fina\u0142u 27 marca 2015\u00a0r.\u00a0 odby\u0142 si\u0119 fina\u0142 IV edycji Olimpiady Wiedzy o\u00a0G\u00f3rnym \u015al\u0105sku. Organizatorami Olimpiady Wiedzy o\u00a0G\u00f3rnym \u015al\u0105sku s\u0105 Zwi\u0105zek G\u00f3rno\u015bl\u0105ski i\u00a0Instytut Bada\u0144 Regionalnych Biblioteki \u015al\u0105skiej. Nad\u00a0jej przebiegiem czuwa\u0142 Komitet G\u0142\u00f3wny Olimpiady i\u00a0Komitet Honorowy. Patronat nad\u00a0Olimpiad\u0105 sprawuj\u0105: Rzecznik Praw Obywatelskich prof.\u00a0UKSW dr\u00a0hab. Irena Lipowicz, Eurodeputowany dr\u00a0Jan Olbrycht, Eurodeputowany Marek Plura oraz\u00a0przewodnicz\u0105ca [&hellip;]<\/p>\n","protected":false},"author":1,"featured_media":0,"parent":30,"menu_order":4,"comment_status":"open","ping_status":"open","template":"","meta":{"footnotes":""},"class_list":["post-38","page","type-page","status-publish","hentry"],"_links":{"self":[{"href":"https:\/\/owogs.bs.katowice.pl\/index.php?rest_route=\/wp\/v2\/pages\/38","targetHints":{"allow":["GET"]}}],"collection":[{"href":"https:\/\/owogs.bs.katowice.pl\/index.php?rest_route=\/wp\/v2\/pages"}],"about":[{"href":"https:\/\/owogs.bs.katowice.pl\/index.php?rest_route=\/wp\/v2\/types\/page"}],"author":[{"embeddable":true,"href":"https:\/\/owogs.bs.katowice.pl\/index.php?rest_route=\/wp\/v2\/users\/1"}],"replies":[{"embeddable":true,"href":"https:\/\/owogs.bs.katowice.pl\/index.php?rest_route=%2Fwp%2Fv2%2Fcomments&post=38"}],"version-history":[{"count":5,"href":"https:\/\/owogs.bs.katowice.pl\/index.php?rest_route=\/wp\/v2\/pages\/38\/revisions"}],"predecessor-version":[{"id":94,"href":"https:\/\/owogs.bs.katowice.pl\/index.php?rest_route=\/wp\/v2\/pages\/38\/revisions\/94"}],"up":[{"embeddable":true,"href":"https:\/\/owogs.bs.katowice.pl\/index.php?rest_route=\/wp\/v2\/pages\/30"}],"wp:attachment":[{"href":"https:\/\/owogs.bs.katowice.pl\/index.php?rest_route=%2Fwp%2Fv2%2Fmedia&parent=38"}],"curies":[{"name":"wp","href":"https:\/\/api.w.org\/{rel}","templated":true}]}}