{"id":32,"date":"2015-04-13T10:38:06","date_gmt":"2015-04-13T08:38:06","guid":{"rendered":"http:\/\/owogs.bs.katowice.pl\/?page_id=32"},"modified":"2015-05-22T14:45:25","modified_gmt":"2015-05-22T12:45:25","slug":"i-edycja","status":"publish","type":"page","link":"https:\/\/owogs.bs.katowice.pl\/?page_id=32","title":{"rendered":"I edycja"},"content":{"rendered":"<div class=\"fcbkbttn_buttons_block\" id=\"fcbkbttn_left\"><div class=\"fcbkbttn_button\">\n\t\t\t\t\t<a href=\"https:\/\/www.facebook.com\/1646254928942857\" target=\"_blank\">\n\t\t\t\t\t\t<img decoding=\"async\" src=\"https:\/\/owogs.bs.katowice.pl\/wp-content\/plugins\/facebook-button-plugin\/images\/standard-facebook-ico.png\" alt=\"Fb-Button\" \/>\n\t\t\t\t\t<\/a>\n\t\t\t\t<\/div><div class=\"fcbkbttn_like \"><fb:like href=\"https:\/\/owogs.bs.katowice.pl\/?page_id=32\" action=\"like\" colorscheme=\"light\" layout=\"button_count\"  size=\"small\"><\/fb:like><\/div><div class=\"fb-share-button  \" data-href=\"https:\/\/owogs.bs.katowice.pl\/?page_id=32\" data-type=\"button_count\" data-size=\"small\"><\/div><\/div><p class=\"style43\">Pierwsza edycja Olimpiady za nami. W dniu 6 marca 2012 r.\u00a0 w sali Benedyktynka Biblioteki \u015al\u0105skiej odby\u0142y si\u0119 zawody fina\u0142owe. Zadaniem dziesi\u0105tki uczestnik\u00f3w by\u0142o napisanie testu z wiedzy o G\u00f3rnym \u015al\u0105sku oraz prezentacja pracy konkursowej, kt\u00f3r\u0105 ocenia\u0142o Jury, z\u0142o\u017cone z ekspert\u00f3w.<\/p>\n<p class=\"style43\">W efekcie, tytu\u0142 Laureata Olimpiady oraz indeks na wybrany kierunek studi\u00f3w w Uniwersytecie Jagiello\u0144skim lub \u015al\u0105skim, uzyska\u0142o siedmioro uczestnik\u00f3w fina\u0142u. Pozostali uczestnicy otrzymali tytu\u0142 Finalisty.<\/p>\n<p class=\"style43\">Wszystkim Zawodnikom oraz ich Opiekunom serdecznie gratulujemy!<\/p>\n<p>Organizatorzy I edycji Olimpiady Wiedzy o G\u00f3rnym \u015al\u0105sku sk\u0142adaj\u0105 serdeczne podzi\u0119kowania Darczy\u0144com, dzi\u0119ki kt\u00f3rym Olimpiada przebiega\u0142a\u00a0 bez zak\u0142\u00f3ce\u0144 organizacyjnych. Pragniemy szczeg\u00f3lnie podzi\u0119kowa\u0107:<\/p>\n<p>Europos\u0142owi dr Janowi Olbrychtowi<\/p>\n<p>Profesorowi Andrzejowi Klasikowi<\/p>\n<p>Radnej Miasta Katowice Magdalenie Wieczorek<\/p>\n<p>Dyrektorowi Biura Europos\u0142a\u00a0 Jana Olbrychta<br \/>\nWitoldowi Witkowiczowi<\/p>\n<p>Prezesowi Stowarzyszenia \u201eSchola Silesia\u201d<br \/>\nMarcinowi Melonowi<\/p>\n<p>oraz<\/p>\n<p>Bractwu O\u015bwiatowemu Zwi\u0105zku G\u00f3rno\u015bl\u0105skiego i Bibliotece \u015al\u0105skiej<\/p>\n<p class=\"style43\"><!--more--><br \/>\nMilo nam poinformowa\u0107, \u017ce Senat Uniwersytetu \u015al\u0105skiego, na nadzwyczajnym posiedzeniu w dniu 28 lutego 2012 r., przyj\u0105\u0142 uchwa\u0142\u0119 w sprawie szczeg\u00f3\u0142owych zasad przyj\u0119\u0107 na I rok studi\u00f3w laureat\u00f3w konkurs\u00f3w mi\u0119dzynarodowych oraz og\u00f3lnopolskich w roku akademickim 2012\/2012.<br \/>\nSzczeg\u00f3\u0142y znajduj\u0105 si\u0119 poni\u017cej:<\/p>\n<p><a href=\"http:\/\/bip.us.edu.pl\/uchwala-nr-1162012\"> http:\/\/bip.us.edu.pl\/uchwala-nr-1162012<\/a><\/p>\n<p>&nbsp;<\/p>\n<p>21-03-2011<\/p>\n<p>W dziale Dokumenty zosta\u0142y umieszczone karty oceny prac pisemnych.<\/p>\n<p>&nbsp;<\/p>\n<p>24-02-2011<\/p>\n<p><strong>WYKAZ WYBRANYCH TEMAT\u00d3W<\/strong><strong>\u00a0 <\/strong><strong>PRZEZ UCZESTNIK\u00d3W II ETAPU OLIMPIADY WIEDZY O G\u00d3RNYM \u015aL\u0104SKU <\/strong><\/p>\n<table width=\"631\">\n<tbody>\n<tr>\n<td width=\"34\"><\/td>\n<td width=\"161\"><strong> Nazwa szko\u0142y<\/strong><\/td>\n<td><strong> Ilo\u015b\u0107 uczni\u00f3w zakwalifikowanych<\/strong><\/td>\n<td width=\"302\"><strong> Temat<\/strong><\/td>\n<\/tr>\n<tr>\n<td width=\"34\">1.<\/td>\n<td width=\"161\">Zesp\u00f3\u0142 Szk\u00f3\u0142 w Gogo\u0142owej<\/td>\n<td>2<\/td>\n<td width=\"302\">&#8211; &#8222;Id\u0105, id\u0105 pancry na Wujek&#8221; &#8211; losy \u015al\u0105zak\u00f3w w czasie stanu wojennego na G\u00f3rnym \u015al\u0105sku&nbsp;<\/p>\n<p>&#8211; Bogactwa naturalne wybranego mikroregionu geograficznego w granicach G\u00f3rnego \u015al\u0105ska<\/td>\n<\/tr>\n<tr>\n<td width=\"34\">2.<\/td>\n<td width=\"161\">Zesp\u00f3\u0142 Szk\u00f3\u0142 Ponadgimnazjalnych w Koniecpolu<\/td>\n<td>2<\/td>\n<td width=\"302\">Poka\u017c\u0119 Ci G\u00f3rny \u015al\u0105sk. Projekt trasy turystycznej po wybranym subregionie G\u00f3rnego \u015al\u0105ska uwzgl\u0119dniaj\u0105cej warto\u015bci kulturowe&nbsp;<\/p>\n<p>Id\u0105, id\u0105 pancry na Wujek&#8221; &#8211; losy \u015al\u0105zak\u00f3w w czasie stanu wojennego na G\u00f3rnym \u015al\u0105sku<\/td>\n<\/tr>\n<tr>\n<td width=\"34\">3.<\/td>\n<td width=\"161\">Zesp\u00f3\u0142 Szk\u00f3\u0142 Technicznych i Og\u00f3lnokszta\u0142c\u0105cych nr 1 w Chorzowie<\/td>\n<td>3<\/td>\n<td width=\"302\">-Rozw\u00f3j przemys\u0142u w XIX wieku w mojej miejscowo\u015bci i okolicy oraz jego transformacja po 1980 (2 osoby)&nbsp;<\/p>\n<p>-Funkcjonowanie autonomii \u015bl\u0105skiej na G\u00f3rnym \u015al\u0105sku a uwarunkowania polityczne i gospodarcze w latach 1920 \u2013 39<\/p>\n<p>&nbsp;<\/td>\n<\/tr>\n<tr>\n<td width=\"34\">4.<\/td>\n<td width=\"161\">Zesp\u00f3\u0142 Szk\u00f3\u0142 Mechaniczno-Elektrycznych im. Tadeusza Ko\u015bciuszki w Rybniku<\/td>\n<td>1<\/td>\n<td width=\"302\">Brak informacji<\/td>\n<\/tr>\n<tr>\n<td width=\"34\">5.<\/td>\n<td width=\"161\">Zesp\u00f3\u0142 Szk\u00f3\u0142 Ponadgimnazjalnych nr 5 im. Jadwigi Markowej w Rudzie \u015al\u0105skiej<\/td>\n<td>1<\/td>\n<td width=\"302\">Dzia\u0142alno\u015b\u0107 rodu Ballestrem\u00f3w na terenie dzisiejszej Rudy \u015al\u0105skiej<\/td>\n<\/tr>\n<tr>\n<td width=\"34\">6.<\/td>\n<td width=\"161\">III LO im. A. Mickiewicza w Katowicach<\/td>\n<td>3<\/td>\n<td width=\"302\">Scharakteryzuj gwar\u0119 wybranej \u00a0 \u00a0 \u00a0 \u00a0 \u00a0 \u00a0 \u00a0 \u00a0 \u00a0 miejscowo\u015bci G\u00f3rnego \u015al\u0105ska &#8211; Su\u0142k\u00f3w.&nbsp;<\/p>\n<p>Rozw\u00f3j przemys\u0142u w XIX wieku w mojej miejscowo\u015bci i okolicy oraz jego transformacja po 1980 roku<\/p>\n<p>&nbsp;<\/p>\n<p>Ta ziemia jest pi\u0119kna. Projekt trasy turystycznej po wybranym mikroregionie G\u00f3rnego \u015al\u0105ska &#8211; Wy\u017cyna \u015al\u0105ska.<\/td>\n<\/tr>\n<tr>\n<td width=\"34\">7.<\/td>\n<td width=\"161\">VII LO im. Harcerzy Obro\u0144c\u00f3w Katowic w Katowicach<\/td>\n<td>2<\/td>\n<td width=\"302\">Losy \u015al\u0105zak\u00f3w w czasie powsta\u0144 \u015bl\u0105skich- na przyk\u0142adzie w\u0142asnej rodziny&nbsp;<\/p>\n<p>Zamach majowy w prasie \u015bl\u0105skiej okresu mi\u0119dzywojennego<\/td>\n<\/tr>\n<tr>\n<td width=\"34\">8.<\/td>\n<td width=\"161\">Zesp\u00f3\u0142 Szk\u00f3\u0142 nr 1 im. Adama Mickiewicza w Lubli\u0144cu<\/td>\n<td>2<\/td>\n<td width=\"302\">Losy \u015al\u0105zak\u00f3w po II wojnie \u015bwiatowej&nbsp;<\/p>\n<p>Bogactwa naturalne \u00a0 \u00a0 \u00a0 \u00a0 \u00a0 \u00a0 \u00a0 \u00a0 \u00a0 wybranego \u00a0 \u00a0 \u00a0 \u00a0 \u00a0 \u00a0 \u00a0 \u00a0 \u00a0 mikroregionu geograficznego w granicach \u00a0 \u00a0 \u00a0 \u00a0 \u00a0 \u00a0 \u00a0 \u00a0 \u00a0 G\u00f3rnego \u015al\u0105ska<\/td>\n<\/tr>\n<tr>\n<td width=\"34\">9.<\/td>\n<td width=\"161\">Zesp\u00f3\u0142 Szk\u00f3\u0142 nr 1 w Piekarach \u015al\u0105skich<\/td>\n<td>1<\/td>\n<td width=\"302\">Id\u0105, id\u0105 pancry na Wujek&#8221; &#8211; losy \u015al\u0105zak\u00f3w w czasie stanu wojennego na G\u00f3rnym \u015al\u0105sku&nbsp;<\/td>\n<\/tr>\n<tr>\n<td width=\"34\">10.<\/td>\n<td width=\"161\">Zesp\u00f3\u0142 Szk\u00f3\u0142 Technicznych i Og\u00f3lnokszta\u0142c\u0105cych nr 1 \u00a0 \u00a0 \u00a0 \u00a0 \u00a0 \u00a0 \u00a0 \u00a0 \u00a0 w K\u0119dzierzynie-Ko\u017alu<\/td>\n<td>1<\/td>\n<td width=\"302\">Bogactwa naturalne wybranego mikroregionu geograficznego w granicach G\u00f3rnego \u015al\u0105ska<\/td>\n<\/tr>\n<tr>\n<td width=\"34\">11.<\/td>\n<td width=\"161\">Zesp\u00f3\u0142 Szk\u00f3\u0142 Og\u00f3lnokszta\u0142c\u0105cych \u00a0 \u00a0 \u00a0 \u00a0 \u00a0 \u00a0 \u00a0 \u00a0 \u00a0 nr 5 \u2013 II LO \u00a0 \u00a0 \u00a0 \u00a0 \u00a0 \u00a0 \u00a0 \u00a0 \u00a0 w Zabrzu<\/td>\n<td>7<\/td>\n<td width=\"302\">1. Wp\u0142yw gmin \u017cydowskich na rozw\u00f3j kulturalny i gospodarczy G\u00f3rnego<br \/>\n\u015al\u0105ska od ko\u0144ca \u00a0 \u00a0 \u00a0 \u00a0 \u00a0 \u00a0 \u00a0 \u00a0 \u00a0\u00a0XIX w. do 1939 r. na przyk\u0142adzie Bytomia, Zabrza i Gliwic.<br \/>\n2. \u015al\u0105ski wrzesie\u0144 1939 w literaturze polsko- \u00a0 \u00a0 \u00a0 \u00a0 \u00a0 \u00a0 \u00a0 \u00a0 \u00a0\u00a0i niemieckoj\u0119zycznej. Dokonaj analizy por\u00f3wnawczej wybranych tekst\u00f3w ( np. Wie\u017ca spadochronowa K. Go\u0142by i Pierwsza polka Horsta Bienka).<br \/>\n3. Poka\u017c\u0119 Ci G\u00f3rny \u015al\u0105sk. Projekt trasy turystycznej po wybranym subregionie G\u00f3rnego \u015al\u0105ska uwzgl\u0119dniaj\u0105cej warto\u015bci kulturowe.<br \/>\n4. \u00a0 \u00a0 \u00a0 \u00a0 \u00a0 \u00a0 \u00a0 \u00a0 \u00a0\u00a0&#8222;Id\u0105, id\u0105 pancry na Wujek&#8221; &#8211; losy \u015al\u0105zak\u00f3w w czasie stanu wojennego na G\u00f3rnym \u015al\u0105sku<br \/>\n5. &#8222;Id\u0105, id\u0105 pancry na Wujek&#8221; &#8211; losy \u015al\u0105zak\u00f3w w czasie stanu wojennego na G\u00f3rnym \u015al\u0105sku<br \/>\n6. \u00a0 \u00a0 \u00a0 \u00a0 \u00a0 \u00a0 \u00a0 \u00a0 \u00a0\u00a0\u015al\u0105ski wrzesie\u0144 1939 w literaturze polskiej\u201c i niemieckoj\u0119zycznej. Dokonaj analizy por\u00f3wnawczej wybranych tekst\u00f3w ( np. Wie\u017ca spadochronowa K. Go\u0142by i Pierwsza polka Horsta Bienka).<br \/>\n7.Scharakteryzuj gwar\u0119 wybranej miejscowo\u015bci G\u00f3rnego \u015al\u0105ska ( fonetyka, fleksja, sk\u0142adnia s\u0142ownictwo)<\/td>\n<\/tr>\n<tr>\n<td width=\"34\">12.<\/td>\n<td width=\"161\">Akademicki Zesp\u00f3\u0142 Szk\u00f3\u0142 Og\u00f3lnokszta\u0142c\u0105cych nr 2 w Chorzowie -III LO im S.Batorego&nbsp;<\/td>\n<td>1<\/td>\n<td width=\"302\">Rozw\u00f3j przemys\u0142u w XIX wieku w mojej miejscowo\u015bci i okolicy oraz jego transformacja po 1980 roku&nbsp;<\/td>\n<\/tr>\n<tr>\n<td width=\"34\">13.<\/td>\n<td width=\"161\">Akademickie Zesp\u00f3\u0142 Szk\u00f3\u0142 Og\u00f3lnokszta\u0142c\u0105cych &#8211; I LO im. J.S\u0142owackiego Chorzowie<\/td>\n<td>2<\/td>\n<td width=\"302\">Rozw\u00f3j przemys\u0142u w XIX wieku w mojej miejscowo\u015bci i okolicy oraz jego transformacja po 1980 roku(2 osoby)<\/td>\n<\/tr>\n<tr>\n<td width=\"34\">14.<\/td>\n<td width=\"161\">Zesp\u00f3\u0142 Szk\u00f3\u0142 Ekonomicznych im. Genera\u0142a Stefana Roweckiego \u201eGrota\u201dw Opolu&nbsp;<\/td>\n<td>4<\/td>\n<td width=\"302\">Brak informacji&nbsp;<\/td>\n<\/tr>\n<\/tbody>\n<\/table>\n<p>&nbsp;<\/p>\n<p>10-02-2011<\/p>\n<p>Dzi\u0119kujemy Nauczycielom za przekazanie wynik\u00f3w testu etapu szkolnego Olimpiady.<\/p>\n<p>Prosimy o jak najszybsze zg\u0142aszanie temat\u00f3w, kt\u00f3re wybrali uczniowie na adres Olimpiady <a href=\"mailto:slaskaolimpiada@wp.pl\"> slaskaolimpiada@wp.pl <\/a><\/p>\n<p><strong> Karta<\/strong><strong>\u00a0Oceny Pracy, zawieraj\u0105ca szczeg\u00f3\u0142owe kryteria oceny pracy wraz z punktacj\u0105, uka\u017ce si\u0119 na stronie internetowej Olimpiady do dnia 14 marca 2011.<\/strong><br \/>\n08-02-2011<br \/>\nETAP SZKOLNY OLIMPIADY<\/p>\n<p>Dzi\u0119kujemy wszystkim uczestnikom Etapu Szkolnego Olimpiady Wiedzy o G\u00f3rnym \u015al\u0105sku.<\/p>\n<p><strong> Gratulujemy szczeg\u00f3lnie tym, kt\u00f3rzy uzyskali co najmniej 50% punkt\u00f3w z testu i zakwalifikowali si\u0119 do etapu II<\/strong>.<\/p>\n<p>Nauczycieli prosimy o przechowywanie test\u00f3w w szkole do czasu zako\u0144czenia Olimpiady.<\/p>\n<p>Komisje szkolne prosimy o przes\u0142anie drog\u0105 mailow\u0105 na adres <a href=\"mailto:slaskaolimpiada@wp.pl\"> slaskaolimpiada@wp.pl<\/a> nast\u0119puj\u0105cych informacji:<\/p>\n<p>&#8211; ilo\u015b\u0107 os\u00f3b, kt\u00f3re przyst\u0105pi\u0142y do etapu I<\/p>\n<p>&#8211; imiona i nazwiska uczni\u00f3w, kt\u00f3rzy zakwalifikowali si\u0119 do etapu II wraz z podaniem ich wynik\u00f3w z testu<\/p>\n<p>&#8211; temat pracy, jaki wybrali uczniowie w II etapie<\/p>\n<p><strong> W przypadku wyboru tematu spoza listy zaproponowanej przez organizator\u00f3w, prosimy o niezw\u0142oczne przes\u0142anie tej propozycji na adres:<\/strong> <a href=\"mailto:staluc@poczta.onet.pl\"> staluc@poczta.onet.pl <\/a><\/p>\n<p>Prace pisemne uczni\u00f3w na wybrany temat wraz z wype\u0142nionym protoko\u0142em ( wz\u00f3r \u2013 broszura, s.21) prosimy przysy\u0142a\u0107 na adres:<\/p>\n<p>Zwi\u0105zek G\u00f3rno\u015bl\u0105ski<\/p>\n<p>ul. P. Stalmacha 17<\/p>\n<p>40-058 Katowice<\/p>\n<p><strong> Z dopiskiem: OLIMPIADA WIEDZY O G\u00d3RNYM \u015aL\u0104SKU<\/strong><\/p>\n<p>Prace, ocenione na co najmniej 75% punkt\u00f3w musz\u0105 dotrze\u0107 pod ten adres nie p\u00f3\u017aniej ni\u017c 30 marca 2011.<\/p>\n<p>&nbsp;<\/p>\n<p>26-01-2011<\/p>\n<p>W dniu 26 lutego (\u015broda) zosta\u0142y wys\u0142ane na adres szko\u0142y testy na etap szkolny do wszystkich szk\u00f3\u0142 , kt\u00f3re zg\u0142osi\u0142y si\u0119 do Olimpiady Wiedzy o\u00a0G\u00f3rnym \u015al\u0105sku w ilo\u015bci podanej w zg\u0142oszeniu. Organizatorzy prosz\u0105 o potwierdzenie otrzymania test\u00f3w. W przypadku, gdy przesy\u0142ka\u00a0 nie dotrze do szko\u0142y do godz. 12.00 w poniedzia\u0142ek 31 stycznia, prosz\u0119 natychmiast skontaktowa\u0107 si\u0119 z: <strong>\u0141ucj\u0105 Staniczek<\/strong> tel. <strong>519318842<\/strong>. Testy zostan\u0105 wys\u0142ane drog\u0105 elektroniczn\u0105. Klucz odpowiedzi zostanie przes\u0142any drog\u0105 elektroniczn\u0105 na adres szko\u0142y i\u00a0nauczyciela &#8211; opiekuna.<\/p>\n<p>&nbsp;<\/p>\n<p>25-01-2011<\/p>\n<p>Lista szk\u00f3\u0142 zg\u0142oszonych do udzia\u0142u w Olimpiadzie:<\/p>\n<table>\n<tbody>\n<tr>\n<td><strong> Lp.<\/strong><\/td>\n<td><strong>Nazwa szko\u0142y<\/strong><\/td>\n<td><\/td>\n<\/tr>\n<tr>\n<td>1.<\/td>\n<td>I LO im.J.S\u0142owackiego w Cz\u0119stochowie<\/td>\n<td><\/td>\n<\/tr>\n<tr>\n<td>2.<\/td>\n<td>Zesp\u00f3\u0142 Szk\u00f3\u0142 w Gogo\u0142owej<\/td>\n<td><\/td>\n<\/tr>\n<tr>\n<td>3.<\/td>\n<td>Zesp\u00f3\u0142 Szk\u00f3\u0142 Ponadgimnazjalnych w Koniecpolu<\/td>\n<td><\/td>\n<\/tr>\n<tr>\n<td>4.<\/td>\n<td>Zesp\u00f3\u0142 Szk\u00f3\u0142 Technicznych i Og\u00f3lnokszta\u0142c\u0105cych nr 1 w Chorzowie<\/td>\n<td><\/td>\n<\/tr>\n<tr>\n<td>5.<\/td>\n<td>Zesp\u00f3\u0142 Szk\u00f3\u0142 Mechaniczno-Elektrycznych im. Tadeusza Ko\u015bciuszki w Rybniku<\/td>\n<td><\/td>\n<\/tr>\n<tr>\n<td>6.<\/td>\n<td>Zesp\u00f3\u0142 Szk\u00f3\u0142 Ponadgimnazjalnych nr 5 im. Jadwigi Markowej w Rudzie \u015al\u0105skiej<\/td>\n<td><\/td>\n<\/tr>\n<tr>\n<td>7<\/td>\n<td>Zesp\u00f3\u0142 Szk\u00f3\u0142 Og\u00f3lnokszta\u0142c\u0105cych Nr 1-II LO Im. J. Ligonia w Chorzowie<\/td>\n<td><\/td>\n<\/tr>\n<tr>\n<td>8.<\/td>\n<td>III LO im. A. Mickiewicza w Katowicach<\/td>\n<td><\/td>\n<\/tr>\n<tr>\n<td>9.<\/td>\n<td>VII LO im. Harcerzy Obro\u0144c\u00f3w Katowic w Katowicach<\/td>\n<td><\/td>\n<\/tr>\n<tr>\n<td>10<\/td>\n<td>Zesp\u00f3\u0142 Szk\u00f3\u0142 nr 1 im. Adama Mickiewicza w Lubli\u0144cu<\/td>\n<td><\/td>\n<\/tr>\n<tr>\n<td>11.<\/td>\n<td>Zesp\u00f3\u0142 Szk\u00f3\u0142 nr 1 w Piekarach \u015al\u0105skich<\/td>\n<td><\/td>\n<\/tr>\n<tr>\n<td>12.<\/td>\n<td>Zesp\u00f3\u0142 Szk\u00f3\u0142 Technicznych i Og\u00f3lnokszta\u0142c\u0105cych nr 1 \u00a0 \u00a0 \u00a0 \u00a0 \u00a0 \u00a0 \u00a0 w K\u0119dzierzynie-Ko\u017alu<\/td>\n<td><\/td>\n<\/tr>\n<tr>\n<td>13.<\/td>\n<td>Zesp\u00f3\u0142 Szk\u00f3\u0142 Og\u00f3lnokszta\u0142c\u0105cych \u00a0 \u00a0 \u00a0 \u00a0 \u00a0 \u00a0 \u00a0 nr 5 &#8211; II LO \u00a0 \u00a0 \u00a0 \u00a0 \u00a0 \u00a0 \u00a0 w Zabrzu<\/td>\n<td><\/td>\n<\/tr>\n<tr>\n<td>14.<\/td>\n<td>Akademicki Zesp\u00f3\u0142 Szk\u00f3\u0142 Og\u00f3lnokszta\u0142c\u0105cych nr 2 w Chorzowie -III LO im S. Batorego<\/td>\n<td><\/td>\n<\/tr>\n<tr>\n<td>15.<\/td>\n<td>Akademickie Zesp\u00f3\u0142 Szk\u00f3\u0142 Og\u00f3lnokszta\u0142c\u0105cych &#8211; I LO im. J.S\u0142owackiego Chorzowie<\/td>\n<td><\/td>\n<\/tr>\n<tr>\n<td>16.<\/td>\n<td>Zesp\u00f3\u0142 Szk\u00f3\u0142 Ekonomicznych im. Genera\u0142a Stefana Roweckiego \u201eGrota\u201dw Opolu<\/td>\n<td><\/td>\n<\/tr>\n<\/tbody>\n<\/table>\n<p>&nbsp;<\/p>\n<p>&nbsp;<\/p>\n","protected":false},"excerpt":{"rendered":"<p>Pierwsza edycja Olimpiady za nami. W dniu 6 marca 2012 r.\u00a0 w sali Benedyktynka Biblioteki \u015al\u0105skiej odby\u0142y si\u0119 zawody fina\u0142owe. Zadaniem dziesi\u0105tki uczestnik\u00f3w by\u0142o napisanie testu z wiedzy o G\u00f3rnym \u015al\u0105sku oraz prezentacja pracy konkursowej, kt\u00f3r\u0105 ocenia\u0142o Jury, z\u0142o\u017cone z ekspert\u00f3w. W efekcie, tytu\u0142 Laureata Olimpiady oraz indeks na wybrany kierunek studi\u00f3w w Uniwersytecie Jagiello\u0144skim [&hellip;]<\/p>\n","protected":false},"author":1,"featured_media":0,"parent":30,"menu_order":1,"comment_status":"open","ping_status":"open","template":"","meta":{"footnotes":""},"class_list":["post-32","page","type-page","status-publish","hentry"],"_links":{"self":[{"href":"https:\/\/owogs.bs.katowice.pl\/index.php?rest_route=\/wp\/v2\/pages\/32","targetHints":{"allow":["GET"]}}],"collection":[{"href":"https:\/\/owogs.bs.katowice.pl\/index.php?rest_route=\/wp\/v2\/pages"}],"about":[{"href":"https:\/\/owogs.bs.katowice.pl\/index.php?rest_route=\/wp\/v2\/types\/page"}],"author":[{"embeddable":true,"href":"https:\/\/owogs.bs.katowice.pl\/index.php?rest_route=\/wp\/v2\/users\/1"}],"replies":[{"embeddable":true,"href":"https:\/\/owogs.bs.katowice.pl\/index.php?rest_route=%2Fwp%2Fv2%2Fcomments&post=32"}],"version-history":[{"count":4,"href":"https:\/\/owogs.bs.katowice.pl\/index.php?rest_route=\/wp\/v2\/pages\/32\/revisions"}],"predecessor-version":[{"id":273,"href":"https:\/\/owogs.bs.katowice.pl\/index.php?rest_route=\/wp\/v2\/pages\/32\/revisions\/273"}],"up":[{"embeddable":true,"href":"https:\/\/owogs.bs.katowice.pl\/index.php?rest_route=\/wp\/v2\/pages\/30"}],"wp:attachment":[{"href":"https:\/\/owogs.bs.katowice.pl\/index.php?rest_route=%2Fwp%2Fv2%2Fmedia&parent=32"}],"curies":[{"name":"wp","href":"https:\/\/api.w.org\/{rel}","templated":true}]}}