{"id":28,"date":"2015-04-13T10:36:33","date_gmt":"2015-04-13T08:36:33","guid":{"rendered":"http:\/\/owogs.bs.katowice.pl\/?page_id=28"},"modified":"2026-03-23T10:55:40","modified_gmt":"2026-03-23T09:55:40","slug":"do-pobrania","status":"publish","type":"page","link":"https:\/\/owogs.bs.katowice.pl\/?page_id=28","title":{"rendered":"Do pobrania"},"content":{"rendered":"<div class=\"fcbkbttn_buttons_block\" id=\"fcbkbttn_left\"><div class=\"fcbkbttn_button\">\n\t\t\t\t\t<a href=\"https:\/\/www.facebook.com\/1646254928942857\" target=\"_blank\">\n\t\t\t\t\t\t<img decoding=\"async\" src=\"https:\/\/owogs.bs.katowice.pl\/wp-content\/plugins\/facebook-button-plugin\/images\/standard-facebook-ico.png\" alt=\"Fb-Button\" \/>\n\t\t\t\t\t<\/a>\n\t\t\t\t<\/div><div class=\"fcbkbttn_like \"><fb:like href=\"https:\/\/owogs.bs.katowice.pl\/?page_id=28\" action=\"like\" colorscheme=\"light\" layout=\"button_count\"  size=\"small\"><\/fb:like><\/div><div class=\"fb-share-button  \" data-href=\"https:\/\/owogs.bs.katowice.pl\/?page_id=28\" data-type=\"button_count\" data-size=\"small\"><\/div><\/div>\n<h1 class=\"wp-block-heading\"><a href=\"https:\/\/owogs.bs.katowice.pl\/wp-content\/uploads\/2015\/04\/1229138273_331e5768f8_b.jpg\"><img loading=\"lazy\" decoding=\"async\" class=\"aligncenter wp-image-413 size-medium\" src=\"https:\/\/owogs.bs.katowice.pl\/wp-content\/uploads\/2015\/04\/1229138273_331e5768f8_b-300x200.jpg\" alt=\"1229138273_331e5768f8_b\" width=\"300\" height=\"200\" srcset=\"https:\/\/owogs.bs.katowice.pl\/wp-content\/uploads\/2015\/04\/1229138273_331e5768f8_b-300x200.jpg 300w, https:\/\/owogs.bs.katowice.pl\/wp-content\/uploads\/2015\/04\/1229138273_331e5768f8_b.jpg 1024w, https:\/\/owogs.bs.katowice.pl\/wp-content\/uploads\/2015\/04\/1229138273_331e5768f8_b-600x400.jpg 600w, https:\/\/owogs.bs.katowice.pl\/wp-content\/uploads\/2015\/04\/1229138273_331e5768f8_b-820x546.jpg 820w\" sizes=\"auto, (max-width: 300px) 100vw, 300px\" \/><\/a><\/h1>\n\n\n\n<h3 class=\"wp-block-heading\">Wytyczne &#8211; praca fina\u0142owa<\/h3>\n\n\n\n<p><strong><a href=\"https:\/\/owogs.bs.katowice.pl\/wp-content\/uploads\/2024\/09\/Olimpiada-Wiedzy-o-Gornym-Slasku-wytyczne-pracy-finalowej-2024.pdf\">Olimpiada Wiedzy o G\u00f3rnym \u015al\u0105sku &#8211; wytyczne pracy fina\u0142owej<\/a><\/strong><\/p>\n\n\n\n<hr class=\"wp-block-separator has-alpha-channel-opacity\"\/>\n\n\n\n<p><a href=\"https:\/\/forms.gle\/1HhQ2WHkXN8osFqZ6\">Formularz zg\u0142oszenia szko\u0142y 2026 (formularz online)<\/a><\/p>\n\n\n\n<p><a href=\"https:\/\/owogs.bs.katowice.pl\/?p=2374\">Literatura do I etapu<\/a><\/p>\n\n\n\n<p><a href=\"https:\/\/owogs.bs.katowice.pl\/wp-content\/uploads\/2026\/02\/Protokol-I-etap-po-tescie-szkolnym-XVI-edycji.doc\">Protok\u00f3\u0142 z I etapu (po te\u015bcie szkolnym)<\/a><\/p>\n\n\n\n<hr class=\"wp-block-separator has-alpha-channel-opacity\"\/>\n\n\n\n<p>Dokumenty przesy\u0142ane razem z prac\u0105 w wersji elektronicznej przez <a href=\"https:\/\/zaranieslaskie.bs.katowice.pl\/index.php\/owogs\/pl\/index\">system OJS<\/a>, wydrukowan\u0105 kart\u0119 oceny oraz protoko\u0142u nale\u017cy przes\u0142a\u0107 na adres IBR B\u015a ul Ligonia 7\/116, 40-036 Katowice<\/p>\n\n\n\n<p><a href=\"https:\/\/owogs.bs.katowice.pl\/wp-content\/uploads\/2026\/03\/System-OJS-Jak-wgrac-prace.pdf\" data-type=\"link\" data-id=\"https:\/\/owogs.bs.katowice.pl\/wp-content\/uploads\/2026\/03\/System-OJS-Jak-wgrac-prace.pdf\"><strong>Przewodnik po systemie OJS<\/strong> <\/a><\/p>\n\n\n\n<p><span style=\"color: #333333;\">Karta oceny pracy 2026 (formularz excel) <\/span><\/p>\n\n\n\n<p><span style=\"color: #333333;\"><a href=\"https:\/\/owogs.bs.katowice.pl\/wp-content\/uploads\/2026\/02\/Protokol-z-II-etapu-XVI-edycji.doc\">Protok\u00f3\u0142 z II etapu XVI edycji<\/a><\/span><\/p>\n\n\n\n<p><a href=\"https:\/\/owogs.bs.katowice.pl\/wp-content\/uploads\/2025\/10\/KLAUZULA-INFORMACYJNA-DLA-UCZESTNIKA-KONKURSU.docx\">Zgoda na udzia\u0142 w konkursie &#8211; ucze\u0144<\/a><\/p>\n\n\n\n<p><a href=\"https:\/\/owogs.bs.katowice.pl\/wp-content\/uploads\/2025\/10\/Klauzula-dla-nauczyciela.docx\">Zgoda na udzia\u0142 w konkursie &#8211; nauczyciel<\/a><\/p>\n\n\n\n<hr class=\"wp-block-separator has-alpha-channel-opacity\"\/>\n\n\n\n<p><span style=\"font-size: 12pt;\"><strong><a href=\"https:\/\/owogs.bs.katowice.pl\/wp-content\/uploads\/2026\/02\/ANKIETA-FINAL-KONKURSU-2026.doc\">Ankieta ucznia zakwalifikowanego do fina\u0142u<\/a><\/strong><\/span><\/p>\n\n\n\n<hr class=\"wp-block-separator has-alpha-channel-opacity\"\/>\n\n\n\n\n\n\n","protected":false},"excerpt":{"rendered":"<p>Wytyczne &#8211; praca fina\u0142owa Olimpiada Wiedzy o G\u00f3rnym \u015al\u0105sku &#8211; wytyczne pracy fina\u0142owej Formularz zg\u0142oszenia szko\u0142y 2026 (formularz online) Literatura do I etapu Protok\u00f3\u0142 z I etapu (po te\u015bcie szkolnym) Dokumenty przesy\u0142ane razem z prac\u0105 w wersji elektronicznej przez system OJS, wydrukowan\u0105 kart\u0119 oceny oraz protoko\u0142u nale\u017cy przes\u0142a\u0107 na adres IBR B\u015a ul Ligonia 7\/116, [&hellip;]<\/p>\n","protected":false},"author":1,"featured_media":0,"parent":0,"menu_order":4,"comment_status":"open","ping_status":"open","template":"","meta":{"footnotes":""},"class_list":["post-28","page","type-page","status-publish","hentry"],"_links":{"self":[{"href":"https:\/\/owogs.bs.katowice.pl\/index.php?rest_route=\/wp\/v2\/pages\/28","targetHints":{"allow":["GET"]}}],"collection":[{"href":"https:\/\/owogs.bs.katowice.pl\/index.php?rest_route=\/wp\/v2\/pages"}],"about":[{"href":"https:\/\/owogs.bs.katowice.pl\/index.php?rest_route=\/wp\/v2\/types\/page"}],"author":[{"embeddable":true,"href":"https:\/\/owogs.bs.katowice.pl\/index.php?rest_route=\/wp\/v2\/users\/1"}],"replies":[{"embeddable":true,"href":"https:\/\/owogs.bs.katowice.pl\/index.php?rest_route=%2Fwp%2Fv2%2Fcomments&post=28"}],"version-history":[{"count":126,"href":"https:\/\/owogs.bs.katowice.pl\/index.php?rest_route=\/wp\/v2\/pages\/28\/revisions"}],"predecessor-version":[{"id":2385,"href":"https:\/\/owogs.bs.katowice.pl\/index.php?rest_route=\/wp\/v2\/pages\/28\/revisions\/2385"}],"wp:attachment":[{"href":"https:\/\/owogs.bs.katowice.pl\/index.php?rest_route=%2Fwp%2Fv2%2Fmedia&parent=28"}],"curies":[{"name":"wp","href":"https:\/\/api.w.org\/{rel}","templated":true}]}}