{"id":264,"date":"2015-05-22T10:24:02","date_gmt":"2015-05-22T08:24:02","guid":{"rendered":"http:\/\/owogs.bs.katowice.pl\/?page_id=264"},"modified":"2026-03-09T13:04:35","modified_gmt":"2026-03-09T12:04:35","slug":"terminy-2","status":"publish","type":"page","link":"https:\/\/owogs.bs.katowice.pl\/?page_id=264","title":{"rendered":"Terminy"},"content":{"rendered":"<div class=\"fcbkbttn_buttons_block\" id=\"fcbkbttn_left\"><div class=\"fcbkbttn_button\">\n\t\t\t\t\t<a href=\"https:\/\/www.facebook.com\/1646254928942857\" target=\"_blank\">\n\t\t\t\t\t\t<img decoding=\"async\" src=\"https:\/\/owogs.bs.katowice.pl\/wp-content\/plugins\/facebook-button-plugin\/images\/standard-facebook-ico.png\" alt=\"Fb-Button\" \/>\n\t\t\t\t\t<\/a>\n\t\t\t\t<\/div><div class=\"fcbkbttn_like \"><fb:like href=\"https:\/\/owogs.bs.katowice.pl\/?page_id=264\" action=\"like\" colorscheme=\"light\" layout=\"button_count\"  size=\"small\"><\/fb:like><\/div><div class=\"fb-share-button  \" data-href=\"https:\/\/owogs.bs.katowice.pl\/?page_id=264\" data-type=\"button_count\" data-size=\"small\"><\/div><\/div>\n<p class=\"has-text-align-center\"><strong>HARMONOGRAM XVI EDYCJI KONKURSU \u201cOLIMPIADA WIEDZY O G\u00d3RNYM \u015aL\u0104SKU\u201d<\/strong><\/p>\n\n\n\n<table>\n<tbody>\n<tr>\n<td>\n<p><b>Zadanie\u00a0<\/b><\/p>\n<\/td>\n<td>\n<p><b>Termin<\/b><\/p>\n<\/td>\n<\/tr>\n<tr>\n<td>\n<p><span style=\"font-weight: 400;\">Og\u0142oszenie temat\u00f3w prac pisemnych na stronie internetowej Olimpiady<\/span><\/p>\n<\/td>\n<td>\n<p><span style=\"font-weight: 400;\">10.03.2026<\/span><\/p>\n<\/td>\n<\/tr>\n<tr>\n<td>\n<p><span style=\"font-weight: 400;\">Zg\u0142oszenie szk\u00f3\u0142 do konkursu (nale\u017cy wype\u0142ni\u0107 i przes\u0142a\u0107 formularz XVI edycji na adres slaskaolimpiada@gmail.com)<\/span><\/p>\n<\/td>\n<td>\n<p><span style=\"font-weight: 400;\">10.03.\u201317.04.2026<\/span><\/p>\n<\/td>\n<\/tr>\n<tr>\n<td>\n<p><span style=\"font-weight: 400;\">Podanie przez Komitet G\u0142\u00f3wny literatury do I etapu\u00a0 olimpiady<\/span><\/p>\n<\/td>\n<td>\n<p><span style=\"font-weight: 400;\">17.03.2026<\/span><\/p>\n<\/td>\n<\/tr>\n<tr>\n<td>\n<p><span style=\"font-weight: 400;\">Etap I \u2013 eliminacje szkolne \u2013 test (weryfikacja wiedzy uczni\u00f3w o regionie przez nauczyciela z wykorzystaniem testu udost\u0119pnionego przez Komitet G\u0142\u00f3wny). Test b\u0119dzie obejmowa\u0142 zagadnienia dotycz\u0105ce G\u00f3rnego \u015al\u0105ska z zakresu: \u2022 geografii regionu \u015bl\u0105skiego (tre\u015bci przyrodnicze i spo\u0142eczno-gospodarcze), \u2022 historii G\u00f3rnego \u015al\u0105ska ze szczeg\u00f3lnym uwzgl\u0119dnieniem historii po 1740 roku, \u2022 wieloj\u0119zycznej literatury dotycz\u0105cej regionu oraz dialektu \u015bl\u0105skiego, \u2022\u00a0 sztuki i dziedzictwa kulturowego.<\/span><\/p>\n<\/td>\n<td>\n<p><span style=\"font-weight: 400;\">22.04.2026<\/span><\/p>\n<\/td>\n<\/tr>\n<tr>\n<td>\n<p><span style=\"font-weight: 400;\">Og\u0142oszenie wynik\u00f3w eliminacji szkolnych<\/span><\/p>\n<\/td>\n<td>\n<p><span style=\"font-weight: 400;\">28.04.2026<\/span><\/p>\n<\/td>\n<\/tr>\n<tr>\n<td>\n<p><span style=\"font-weight: 400;\">Przes\u0142anie protoko\u0142u z eliminacji Organizatorom (w wersji elektronicznej) na adres slaskaolimpiada@gmail.com\u00a0<\/span><\/p>\n<\/td>\n<td>\n<p><span style=\"font-weight: 400;\">30.04.2026\u00a0\u00a0<\/span><\/p>\n<\/td>\n<\/tr>\n<tr>\n<td>\n<p><span style=\"font-weight: 400;\">Etap II \u2013 przygotowanie przez uczestnika pisemnej pracy konkursowej o charakterze badawczym<\/span><\/p>\n<\/td>\n<td>\n<p><span style=\"font-weight: 400;\">28.04.\u201316.10.2026<\/span><\/p>\n<\/td>\n<\/tr>\n<tr>\n<td>\n<p><span style=\"font-weight: 400;\">Ostateczny termin przekazania pracy przez ucznia do komisji szkolnej<\/span><\/p>\n<\/td>\n<td>\n<p><span style=\"font-weight: 400;\">16.10.2026<\/span><\/p>\n<\/td>\n<\/tr>\n<tr>\n<td>\n<p><span style=\"font-weight: 400;\">Ocena prac konkursowych przez komisje szkolne zgodnie z kartami oceny opracowanymi przez Komitet G\u0142\u00f3wny (wz\u00f3r karty oceny pracy b\u0119dzie dost\u0119pny na stronie internetowej OWoG\u015a w pa\u017adzierniku), wy\u0142onienie zwyci\u0119zc\u00f3w rekomendowanych do udzia\u0142u w finale (maksymalnie 4 uczni\u00f3w z danej szko\u0142y, kt\u00f3rych prace zosta\u0142y ocenione na co najmniej 75 punkt\u00f3w na 100 pkt mo\u017cliwych do zdobycia)<\/span><\/p>\n<\/td>\n<td>\n<p><span style=\"font-weight: 400;\">19\u201323.10.2026<\/span><\/p>\n<\/td>\n<\/tr>\n<tr>\n<td>\n<p><span style=\"font-weight: 400;\">Podanie przez Komitet G\u0142\u00f3wny literatury do\u00a0 fina\u0142u OWoG\u015a<\/span><\/p>\n<\/td>\n<td>\n<p><span style=\"font-weight: 400;\">27.10.2026<\/span><\/p>\n<\/td>\n<\/tr>\n<tr>\n<td>\n<p><span style=\"font-weight: 400;\">Ostateczny termin przekazania prac wraz z kartami oceny oraz klauzulami o zgodzie na przetwarzanie danych osobowych: forma elektroniczna przes\u0142ana (plik PDF i skan wype\u0142nionej karty oceny pracy oraz klauzul) do 27.10.2026 wersja papierowa karty oceny i klauzul powinna dotrze\u0107 do IBR najp\u00f3\u017aniej 30.10.2026<\/span><\/p>\n<\/td>\n<td>\n<p><b>27.10.2026<\/b> <b>(elektronicznie)<\/b> <b>30.10.2026<\/b> <b>(fizyczna)<\/b><\/p>\n<\/td>\n<\/tr>\n<tr>\n<td>\n<p><span style=\"font-weight: 400;\">Etap II \u2013 weryfikacja prac przez Komitet G\u0142\u00f3wny<\/span><\/p>\n<\/td>\n<td>\n<p><span style=\"font-weight: 400;\">3.11.2026 \u2013 17.11.2026<\/span><\/p>\n<\/td>\n<\/tr>\n<tr>\n<td>\n<p><span style=\"font-weight: 400;\">Og\u0142oszenie listy finalist\u00f3w na stronie internetowej OWoG\u015a<\/span><\/p>\n<\/td>\n<td>\n<p><span style=\"font-weight: 400;\">18.11.2026<\/span><\/p>\n<\/td>\n<\/tr>\n<tr>\n<td>\n<p><span style=\"font-weight: 400;\">Przygotowanie do zawod\u00f3w fina\u0142owych\u00a0 Przes\u0142anie skanu ankiety fina\u0142owej na adres: slaskaolimpiada@gmail.com (najp\u00f3\u017aniej do 25.11.2026) oraz dostarczenia orygina\u0142u do Instytutu Bada\u0144 Regionalnych Biblioteki \u015al\u0105skiej ul. Ligonia 7\/116, 40-036 Katowice (najp\u00f3\u017aniej do 30.11.2026)<\/span><\/p>\n<\/td>\n<td>\n<p><span style=\"font-weight: 400;\">18.11-9.12.2026<\/span><\/p>\n<\/td>\n<\/tr>\n<tr>\n<td>\n<p><span style=\"font-weight: 400;\">Zawody fina\u0142owe Fina\u0142 b\u0119dzie mia\u0142 charakter hybrydowy, test zostanie zorganizowany w formie zdalnej w wtorek, a osoby zakwalifikowane do prezentacji prac zapraszamy do Biblioteki \u015al\u0105skiej tydzie\u0144 p\u00f3\u017aniej.<\/span><\/p>\n<\/td>\n<td>\n<p><b>8.12.2026 <\/b><span style=\"font-weight: 400;\">(cz\u0119\u015b\u0107 pisemna \u2013 zdalnie) <\/span><b>15.12.2026 <\/b><span style=\"font-weight: 400;\">(cz\u0119\u015b\u0107 ustna \u2013 stacjonarnie)<\/span><\/p>\n<\/td>\n<\/tr>\n<\/tbody>\n<\/table>\n<p>\u00a0<\/p>\n\n\n\n\n","protected":false},"excerpt":{"rendered":"<p>HARMONOGRAM XVI EDYCJI KONKURSU \u201cOLIMPIADA WIEDZY O G\u00d3RNYM \u015aL\u0104SKU\u201d Zadanie\u00a0 Termin Og\u0142oszenie temat\u00f3w prac pisemnych na stronie internetowej Olimpiady 10.03.2026 Zg\u0142oszenie szk\u00f3\u0142 do konkursu (nale\u017cy wype\u0142ni\u0107 i przes\u0142a\u0107 formularz XVI edycji na adres slaskaolimpiada@gmail.com) 10.03.\u201317.04.2026 Podanie przez Komitet G\u0142\u00f3wny literatury do I etapu\u00a0 olimpiady 17.03.2026 Etap I \u2013 eliminacje szkolne \u2013 test (weryfikacja wiedzy uczni\u00f3w [&hellip;]<\/p>\n","protected":false},"author":1,"featured_media":1369,"parent":0,"menu_order":0,"comment_status":"closed","ping_status":"open","template":"","meta":{"footnotes":""},"class_list":["post-264","page","type-page","status-publish","has-post-thumbnail","hentry"],"_links":{"self":[{"href":"https:\/\/owogs.bs.katowice.pl\/index.php?rest_route=\/wp\/v2\/pages\/264","targetHints":{"allow":["GET"]}}],"collection":[{"href":"https:\/\/owogs.bs.katowice.pl\/index.php?rest_route=\/wp\/v2\/pages"}],"about":[{"href":"https:\/\/owogs.bs.katowice.pl\/index.php?rest_route=\/wp\/v2\/types\/page"}],"author":[{"embeddable":true,"href":"https:\/\/owogs.bs.katowice.pl\/index.php?rest_route=\/wp\/v2\/users\/1"}],"replies":[{"embeddable":true,"href":"https:\/\/owogs.bs.katowice.pl\/index.php?rest_route=%2Fwp%2Fv2%2Fcomments&post=264"}],"version-history":[{"count":39,"href":"https:\/\/owogs.bs.katowice.pl\/index.php?rest_route=\/wp\/v2\/pages\/264\/revisions"}],"predecessor-version":[{"id":2363,"href":"https:\/\/owogs.bs.katowice.pl\/index.php?rest_route=\/wp\/v2\/pages\/264\/revisions\/2363"}],"wp:featuredmedia":[{"embeddable":true,"href":"https:\/\/owogs.bs.katowice.pl\/index.php?rest_route=\/wp\/v2\/media\/1369"}],"wp:attachment":[{"href":"https:\/\/owogs.bs.katowice.pl\/index.php?rest_route=%2Fwp%2Fv2%2Fmedia&parent=264"}],"curies":[{"name":"wp","href":"https:\/\/api.w.org\/{rel}","templated":true}]}}