{"id":2,"date":"2015-04-13T06:29:10","date_gmt":"2015-04-13T06:29:10","guid":{"rendered":"http:\/\/owogs.bs.katowice.pl\/?page_id=2"},"modified":"2025-11-20T10:18:52","modified_gmt":"2025-11-20T09:18:52","slug":"przykladowa-strona","status":"publish","type":"page","link":"https:\/\/owogs.bs.katowice.pl\/?page_id=2","title":{"rendered":"O konkursie"},"content":{"rendered":"<div class=\"fcbkbttn_buttons_block\" id=\"fcbkbttn_left\"><div class=\"fcbkbttn_button\">\n\t\t\t\t\t<a href=\"https:\/\/www.facebook.com\/1646254928942857\" target=\"_blank\">\n\t\t\t\t\t\t<img decoding=\"async\" src=\"https:\/\/owogs.bs.katowice.pl\/wp-content\/plugins\/facebook-button-plugin\/images\/standard-facebook-ico.png\" alt=\"Fb-Button\" \/>\n\t\t\t\t\t<\/a>\n\t\t\t\t<\/div><div class=\"fcbkbttn_like \"><fb:like href=\"https:\/\/owogs.bs.katowice.pl\/?page_id=2\" action=\"like\" colorscheme=\"light\" layout=\"button_count\"  size=\"small\"><\/fb:like><\/div><div class=\"fb-share-button  \" data-href=\"https:\/\/owogs.bs.katowice.pl\/?page_id=2\" data-type=\"button_count\" data-size=\"small\"><\/div><\/div><p class=\"style27\">Olimpiada Wiedzy o G\u00f3rnym \u015al\u0105sku to\u00a0og\u00f3lnopolski, interdyscyplinarny konkurs\u00a0wiedzy\u00a0w zakresie czterech dziedzin:<\/p>\n<ul>\n<li class=\"style27\">historii,<\/li>\n<li class=\"style27\">geografii,<\/li>\n<li class=\"style27\">literatury i dialektu \u015bl\u0105skiego<\/li>\n<li class=\"style27\">sztuki i dziedzictwa kulturowego<\/li>\n<\/ul>\n<p class=\"style59\">Organizatorami Olimpiady s\u0105:<br \/>\n<span class=\"style61\"><a title=\"Zwi\u0105zek G\u00f3rno\u015bl\u0105ski\" href=\"http:\/\/www.zg.org.pl\/\" target=\"_blank\" rel=\"noopener\">Zwi\u0105zek G\u00f3rno\u015bl\u0105ski<\/a> i\u00a0<\/span><a title=\"Instytut Bada\u0144 Regionalnych \" href=\"http:\/\/ibr.bs.katowice.pl\/\" target=\"_blank\" rel=\"noopener\"><span class=\"style61\">Instytut Bada\u0144 Regionalnych<\/span><\/a>\u00a0Biblioteki \u015al\u0105skiej<\/p>\n<p class=\"style57\">Do udzia\u0142u zapraszamy uczni\u00f3w szk\u00f3\u0142 ponadpodstawowych, kt\u00f3re ko\u0144cz\u0105 si\u0119 egzaminem maturalnym.<\/p>\n<p class=\"style57\"><span class=\"style58\">W zak\u0142adce <\/span>Terminy<span class=\"style58\"> znajduje si\u0119 harmonogram tegorocznej edycji konkursu, za\u015b w zak\u0142adce <\/span>Bie\u017c\u0105ca edycja<span class=\"style58\"> formularz zg\u0142oszeniowy, zestaw literatury pomocnej w przygotowaniu do teoretycznej cz\u0119\u015bci Olimpiady (test I etapu i test fina\u0142owy) oraz propozycje temat\u00f3w prac pisemnych do II etapu.<\/span><\/p>\n","protected":false},"excerpt":{"rendered":"<p>Olimpiada Wiedzy o G\u00f3rnym \u015al\u0105sku to\u00a0og\u00f3lnopolski, interdyscyplinarny konkurs\u00a0wiedzy\u00a0w zakresie czterech dziedzin: historii, geografii, literatury i dialektu \u015bl\u0105skiego sztuki i dziedzictwa kulturowego Organizatorami Olimpiady s\u0105: Zwi\u0105zek G\u00f3rno\u015bl\u0105ski i\u00a0Instytut Bada\u0144 Regionalnych\u00a0Biblioteki \u015al\u0105skiej Do udzia\u0142u zapraszamy uczni\u00f3w szk\u00f3\u0142 ponadpodstawowych, kt\u00f3re ko\u0144cz\u0105 si\u0119 egzaminem maturalnym. W zak\u0142adce Terminy znajduje si\u0119 harmonogram tegorocznej edycji konkursu, za\u015b w zak\u0142adce Bie\u017c\u0105ca edycja [&hellip;]<\/p>\n","protected":false},"author":1,"featured_media":0,"parent":0,"menu_order":0,"comment_status":"open","ping_status":"open","template":"","meta":{"footnotes":""},"class_list":["post-2","page","type-page","status-publish","hentry"],"_links":{"self":[{"href":"https:\/\/owogs.bs.katowice.pl\/index.php?rest_route=\/wp\/v2\/pages\/2","targetHints":{"allow":["GET"]}}],"collection":[{"href":"https:\/\/owogs.bs.katowice.pl\/index.php?rest_route=\/wp\/v2\/pages"}],"about":[{"href":"https:\/\/owogs.bs.katowice.pl\/index.php?rest_route=\/wp\/v2\/types\/page"}],"author":[{"embeddable":true,"href":"https:\/\/owogs.bs.katowice.pl\/index.php?rest_route=\/wp\/v2\/users\/1"}],"replies":[{"embeddable":true,"href":"https:\/\/owogs.bs.katowice.pl\/index.php?rest_route=%2Fwp%2Fv2%2Fcomments&post=2"}],"version-history":[{"count":4,"href":"https:\/\/owogs.bs.katowice.pl\/index.php?rest_route=\/wp\/v2\/pages\/2\/revisions"}],"predecessor-version":[{"id":2282,"href":"https:\/\/owogs.bs.katowice.pl\/index.php?rest_route=\/wp\/v2\/pages\/2\/revisions\/2282"}],"wp:attachment":[{"href":"https:\/\/owogs.bs.katowice.pl\/index.php?rest_route=%2Fwp%2Fv2%2Fmedia&parent=2"}],"curies":[{"name":"wp","href":"https:\/\/api.w.org\/{rel}","templated":true}]}}