{"id":10,"date":"2015-04-13T10:22:07","date_gmt":"2015-04-13T08:22:07","guid":{"rendered":"http:\/\/owogs.bs.katowice.pl\/?page_id=10"},"modified":"2019-09-10T14:43:32","modified_gmt":"2019-09-10T12:43:32","slug":"organizatorzy","status":"publish","type":"page","link":"https:\/\/owogs.bs.katowice.pl\/?page_id=10","title":{"rendered":"Organizatorzy"},"content":{"rendered":"<div class=\"fcbkbttn_buttons_block\" id=\"fcbkbttn_left\"><div class=\"fcbkbttn_button\">\n\t\t\t\t\t<a href=\"https:\/\/www.facebook.com\/1646254928942857\" target=\"_blank\">\n\t\t\t\t\t\t<img decoding=\"async\" src=\"https:\/\/owogs.bs.katowice.pl\/wp-content\/plugins\/facebook-button-plugin\/images\/standard-facebook-ico.png\" alt=\"Fb-Button\" \/>\n\t\t\t\t\t<\/a>\n\t\t\t\t<\/div><div class=\"fcbkbttn_like \"><fb:like href=\"https:\/\/owogs.bs.katowice.pl\/?page_id=10\" action=\"like\" colorscheme=\"light\" layout=\"button_count\"  size=\"small\"><\/fb:like><\/div><div class=\"fb-share-button  \" data-href=\"https:\/\/owogs.bs.katowice.pl\/?page_id=10\" data-type=\"button_count\" data-size=\"small\"><\/div><\/div><p><strong><a href=\"http:\/\/ibr.bs.katowice.pl\/\"><img loading=\"lazy\" decoding=\"async\" class=\" wp-image-12 alignleft\" src=\"https:\/\/owogs.bs.katowice.pl\/wp-content\/uploads\/2015\/04\/IBR-300x300.jpg\" alt=\"IBR\" width=\"176\" height=\"176\" srcset=\"https:\/\/owogs.bs.katowice.pl\/wp-content\/uploads\/2015\/04\/IBR-300x300.jpg 300w, https:\/\/owogs.bs.katowice.pl\/wp-content\/uploads\/2015\/04\/IBR-150x150.jpg 150w, https:\/\/owogs.bs.katowice.pl\/wp-content\/uploads\/2015\/04\/IBR.jpg 1024w, https:\/\/owogs.bs.katowice.pl\/wp-content\/uploads\/2015\/04\/IBR-820x820.jpg 820w\" sizes=\"auto, (max-width: 176px) 100vw, 176px\" \/><\/a><a href=\"http:\/\/ibr.bs.katowice.pl\/\">Instytut Bada\u0144 Regionalnych Biblioteki \u015al\u0105skiej<\/a>\u00a0<\/strong>prowadzi interdyscyplinarn\u0105 dzia\u0142alno\u015b\u0107 naukowo-badawcz\u0105 oraz wydawnicz\u0105,\u00a0przygotowuje programy i\u00a0materia\u0142y na\u00a0potrzeby edukacji regionalnej,\u00a0inicjuje debaty publiczne na\u00a0temat bie\u017c\u0105cej sytuacji spo\u0142ecznej regionu,\u00a0upowszechniania wyniki bada\u0144 naukowych i\u00a0popularyzuje wiedz\u0119 o\u00a0regionie poprzez organizacj\u0119 konferencji.<\/p>\n<p>Dwa projekty celowe IBR to:<\/p>\n<p><a href=\"http:\/\/www.ibrbs.pl\">\u00a0<\/a><\/p>\n<p><a href=\"http:\/\/ibrbs.pl\"><img loading=\"lazy\" decoding=\"async\" class=\" wp-image-14 alignleft\" src=\"https:\/\/owogs.bs.katowice.pl\/wp-content\/uploads\/2015\/04\/EWoS-300x219.jpg\" alt=\"EWoS\" width=\"50\" height=\"36\" srcset=\"https:\/\/owogs.bs.katowice.pl\/wp-content\/uploads\/2015\/04\/EWoS-300x219.jpg 300w, https:\/\/owogs.bs.katowice.pl\/wp-content\/uploads\/2015\/04\/EWoS.jpg 800w\" sizes=\"auto, (max-width: 50px) 100vw, 50px\" \/><\/a><\/p>\n<p><a href=\"http:\/\/www.ibrbs.pl\">Encyklopedia Wojew\u00f3dztwa \u015al\u0105skiego<\/a><a title=\"Encyklopedia Wojew\u00f3dztwa \u015al\u0105skiego\" href=\"http:\/\/ibrbs.pl\">\u00a0<\/a><\/p>\n<p><a href=\"https:\/\/owogs.bs.katowice.pl\/wp-content\/uploads\/2015\/04\/EDU\u015a.jpg\"><img loading=\"lazy\" decoding=\"async\" class=\"alignleft  wp-image-850\" src=\"https:\/\/owogs.bs.katowice.pl\/wp-content\/uploads\/2015\/04\/EDU\u015a-150x150.jpg\" alt=\"\" width=\"40\" height=\"46\" \/><\/a> \u00a0\u00a0 Platforma Edukacji Regionalnej dla uczni\u00f3w wojew\u00f3dztwa \u015bl\u0105skiego <a href=\"http:\/\/edus.ibrbs.pl\/\">&#8222;Edu\u015b&#8221;<\/a>.<\/p>\n<p><strong>Instytut Bada\u0144 Regionalnych Biblioteki \u015al\u0105skiej<\/strong><\/p>\n<p>ul.\u00a0Ligonia 7<br \/>\n40-036 Katowice<\/p>\n<p>ibr@bs.katowice.pl<\/p>\n<p>tel.\u00a0(+48) 32 251 98 51 wew. 305<\/p>\n<p>NIP:\u00a0954-19-14-963<\/p>\n<p><strong><a href=\"http:\/\/www.zg.org.pl\/\"><img loading=\"lazy\" decoding=\"async\" class=\" wp-image-13 alignleft\" src=\"https:\/\/owogs.bs.katowice.pl\/wp-content\/uploads\/2015\/04\/ZG-2-225x300.jpg\" alt=\"ZG (2)\" width=\"155\" height=\"207\" srcset=\"https:\/\/owogs.bs.katowice.pl\/wp-content\/uploads\/2015\/04\/ZG-2-225x300.jpg 225w, https:\/\/owogs.bs.katowice.pl\/wp-content\/uploads\/2015\/04\/ZG-2.jpg 768w\" sizes=\"auto, (max-width: 155px) 100vw, 155px\" \/>Zwi\u0105zek G\u00f3rno\u015bl\u0105ski<\/a><\/strong> jest dobrowolnym stowarzyszeniem, wsp\u00f3lnot\u0105 os\u00f3b identyfikuj\u0105cych si\u0119 z\u00a0warto\u015bciami, kt\u00f3re symbolizuje G\u00f3rny \u015al\u0105sk. Jest organizacj\u0105 niezale\u017cn\u0105 od w\u0142adzy politycznej i pragnie sta\u0107 si\u0119 rzecznikiem warto\u015bci, aspiracji, d\u0105\u017ce\u0144 oraz interesu G\u00f3rnego \u015al\u0105ska w skali og\u00f3lnonarodowej.<\/p>\n<p>Zwi\u0105zek nawi\u0105zuje do to\u017csamo\u015bci wywodz\u0105cej si\u0119 z piastowskich korzeni ksi\u0119stw g\u00f3rno\u015bl\u0105skich: opolskiego, raciborskiego, cieszy\u0144skiego, zatorsko-o\u015bwi\u0119cimskiego, siewierskiego, bytomskiego, nyskiego i opawsko-karniowskiego.<\/p>\n<p>ZWI\u0104ZEK G\u00d3RNO\u015aL\u0104SKI<br \/>\n40-058 Katowice, ul. Paw\u0142a Stalmacha 17<br \/>\ntel.\/fax &#8211; 32 251 27 25<br \/>\nbiuro@zg.org.pl www.zg.org.pl<\/p>\n<p>NIP: 634-00-32-226<\/p>\n","protected":false},"excerpt":{"rendered":"<p>Instytut Bada\u0144 Regionalnych Biblioteki \u015al\u0105skiej\u00a0prowadzi interdyscyplinarn\u0105 dzia\u0142alno\u015b\u0107 naukowo-badawcz\u0105 oraz wydawnicz\u0105,\u00a0przygotowuje programy i\u00a0materia\u0142y na\u00a0potrzeby edukacji regionalnej,\u00a0inicjuje debaty publiczne na\u00a0temat bie\u017c\u0105cej sytuacji spo\u0142ecznej regionu,\u00a0upowszechniania wyniki bada\u0144 naukowych i\u00a0popularyzuje wiedz\u0119 o\u00a0regionie poprzez organizacj\u0119 konferencji. Dwa projekty celowe IBR to: \u00a0 Encyklopedia Wojew\u00f3dztwa \u015al\u0105skiego\u00a0 \u00a0\u00a0 Platforma Edukacji Regionalnej dla uczni\u00f3w wojew\u00f3dztwa \u015bl\u0105skiego &#8222;Edu\u015b&#8221;. Instytut Bada\u0144 Regionalnych Biblioteki \u015al\u0105skiej ul.\u00a0Ligonia [&hellip;]<\/p>\n","protected":false},"author":1,"featured_media":0,"parent":2,"menu_order":1,"comment_status":"open","ping_status":"open","template":"","meta":{"footnotes":""},"class_list":["post-10","page","type-page","status-publish","hentry"],"_links":{"self":[{"href":"https:\/\/owogs.bs.katowice.pl\/index.php?rest_route=\/wp\/v2\/pages\/10","targetHints":{"allow":["GET"]}}],"collection":[{"href":"https:\/\/owogs.bs.katowice.pl\/index.php?rest_route=\/wp\/v2\/pages"}],"about":[{"href":"https:\/\/owogs.bs.katowice.pl\/index.php?rest_route=\/wp\/v2\/types\/page"}],"author":[{"embeddable":true,"href":"https:\/\/owogs.bs.katowice.pl\/index.php?rest_route=\/wp\/v2\/users\/1"}],"replies":[{"embeddable":true,"href":"https:\/\/owogs.bs.katowice.pl\/index.php?rest_route=%2Fwp%2Fv2%2Fcomments&post=10"}],"version-history":[{"count":10,"href":"https:\/\/owogs.bs.katowice.pl\/index.php?rest_route=\/wp\/v2\/pages\/10\/revisions"}],"predecessor-version":[{"id":1288,"href":"https:\/\/owogs.bs.katowice.pl\/index.php?rest_route=\/wp\/v2\/pages\/10\/revisions\/1288"}],"up":[{"embeddable":true,"href":"https:\/\/owogs.bs.katowice.pl\/index.php?rest_route=\/wp\/v2\/pages\/2"}],"wp:attachment":[{"href":"https:\/\/owogs.bs.katowice.pl\/index.php?rest_route=%2Fwp%2Fv2%2Fmedia&parent=10"}],"curies":[{"name":"wp","href":"https:\/\/api.w.org\/{rel}","templated":true}]}}